{"id":9979,"date":"2021-08-24T15:05:25","date_gmt":"2021-08-24T15:05:25","guid":{"rendered":"https:\/\/carbel.net\/Nuevaweb\/?page_id=9979"},"modified":"2021-08-24T15:10:24","modified_gmt":"2021-08-24T15:10:24","slug":"protection-policy","status":"publish","type":"page","link":"https:\/\/carbel.net\/en\/protection-policy\/","title":{"rendered":"Protection Policy"},"content":{"rendered":"<p>[et_pb_section fb_built=&#8221;1&#8243; admin_label=&#8221;Feature&#8221; _builder_version=&#8221;4.4.6&#8243; background_color=&#8221;#293133&#8243; background_color_gradient_direction=&#8221;144deg&#8221; background_enable_image=&#8221;off&#8221; custom_margin=&#8221;0px||0px||false|false&#8221; custom_padding=&#8221;0px||0px||false|false&#8221; top_divider_color=&#8221;rgba(0,0,0,0)&#8221; bottom_divider_color=&#8221;rgba(151,0,0,0.2)&#8221; bottom_divider_flip=&#8221;horizontal&#8221; locked=&#8221;off&#8221;][et_pb_row _builder_version=&#8221;4.4.6&#8243; module_alignment=&#8221;center&#8221; custom_margin=&#8221;0px||0px||false|false&#8221;][et_pb_column type=&#8221;4_4&#8243; _builder_version=&#8221;4.4.6&#8243; custom_padding=&#8221;0px||0px||false|false&#8221;][et_pb_text _builder_version=&#8221;4.4.6&#8243; header_2_text_color=&#8221;#d9d9d9&#8243; header_2_font_size=&#8221;34px&#8221; hover_enabled=&#8221;0&#8243;]<\/p>\n<h2 style=\"text-align: center;\">PROTECTION POLICY<\/h2>\n<p>[\/et_pb_text][\/et_pb_column][\/et_pb_row][\/et_pb_section][et_pb_section fb_built=&#8221;1&#8243; _builder_version=&#8221;4.3.1&#8243;][et_pb_row _builder_version=&#8221;4.3.1&#8243;][et_pb_column type=&#8221;4_4&#8243; _builder_version=&#8221;4.3.1&#8243;][et_pb_text _builder_version=&#8221;4.4.6&#8243; hover_enabled=&#8221;0&#8243;]<\/p>\n<p>In accordance with article 10 of\u00a0 Spanish law 34\/2002, from July 11, we inform you that COCINAS CARBEL S.L\u00a0 \u00a0with VAT-number ESB46003638\u00a0 and address at CALLE CIUDAD DE CARTAGENA 22, 46988 \u2013 PATERNA \u2013 VALENCIA \u2013 SPAIN is in charge of the operation and management of\u00a0 WWW.CARBEL.NET\u00a0 , inscribed at the mercantile register of Valencia: Tomo: 4042 Libro: 1354 Folio: 126 Secci\u00f3n: 8 Hoja: V-18328 Num. Inscripci\u00f3n: 12In accordance with article 10 of\u00a0 Spanish law 34\/2002, from July 11, we inform you that COCINAS CARBEL S.L\u00a0 \u00a0with VAT-number ESB46003638\u00a0 and address at CALLE CIUDAD DE CARTAGENA 22, 46988 \u2013 PATERNA \u2013 VALENCIA \u2013 SPAIN is in charge of the operation and management of\u00a0 WWW.CARBEL.NET\u00a0 , inscribed at the mercantile register of Valencia: Tomo: 4042 Libro: 1354 Folio: 126 Secci\u00f3n: 8 Hoja: V-18328 Num. Inscripci\u00f3n: 12<br \/> If you would like to contact us, you may do so in writing at:\u00a0 CALLE CIUDAD DE CARTAGENA 22, 46988 \u2013 PATERNA \u2013 VALENCIA \u2013 SPAIN or at the following email address: rgpd@carbel.net<\/p>\n<h3>DATA PROTECTION POLICY<\/h3>\n<p>COCINAS CARBEL S.L considers it essential to ensure the protection of the data of its customers and visitors (hereinafter, users), collected in order to provide them a proper service. Therefore, to protect their privacy, we state our respect and compliance with the current European data protection legislation, hence this privacy policy is intended to provide maximum transparency about the treatment of your data by COCINAS CARBEL S.L<\/p>\n<p>Therefore, complying with the REGULATION (EU) 2016\/679 of the European parliament and of the council of April 27th of 2016 on the protection of natural persons with regard to the processing of personal data and on the free movement of such data, COCINAS CARBEL S.L informs the user of the following:<br \/> CONTROLLER OF THE DATA PROCESSINGCOCINAS CARBEL S.L, vat-number ESB46003638 located at CALLE CIUDAD DE CARTAGENA 22, 46988 \u2013 PATERNA \u2013 VALENCIA is the controller of the data processing.<\/p>\n<p> When you require one of our products, services, or information, COCINAS CARBEL S.L will only collect data which is strictly necessary for the service required.<br \/> PURPOSES OF PROCESSINGAll collected data will be revised and examine don order to avoid fraudulent use of personal data.<br \/> The purposes of processing of the collected data are the activities of COCINAS CARBEL SL which are described in the activity log.<br \/> TRANSFERS OF DATA TO THIRD PARTIESIn general, data will not be transferred to third parties, except in case where this will be a legal requirement of the authorities or a court order complying with current legislation.<\/p>\n<h3> PERIOD FOR WHICH THE DATA WILL BE STORED<\/h3>\n<p>The data will be stored for the duration of the commercial, contractual or professional relationship with the user, and afterwards during the necessary time to comply with legal requirements in each case.<br \/> You can consult more information regarding data storage in our activity log, under the header of each activity: \u201cstorage period\u201d.<\/p>\n<h3> LEGITIMATION OF THE DATA PROCESSING<\/h3>\n<p>The use of data as described in the conditions described above, is permitted by the Spanish and European current legislation, and compliant with the following legal requirements:<br \/> \u2013\u00a0 \u00a0 \u00a0 The user has given their consent (the user has filled out a consent form in order to authorise the data processing with determined purposes; they may revoke this consent at any time)<br \/> \u2013\u00a0 \u00a0 \u00a0 The processing of the data is necessary for the management and maintenance of a contract that the user has subscribed<br \/> \u2013\u00a0 \u00a0 \u00a0 The processing is necessary for complying with our legal obligations.<\/p>\n<p>You may consult more information about the legitimation of processing specific personal data in our activity log, under the header of \u201cLegitimation of processing\u201d.<br \/> COOKIESAll relevant information about cookie use is summarised in our Cookie Policy.<\/p>\n<h3> TRANSPARENCY<\/h3>\n<p>All data the user has provided, is used in order to offer the best possible service, just like the objective of any data analysis is to improve our services, products or information, all the while complying with the current data protection legislation.<\/p>\n<h3> RIGHTS IF THE INTERESTED PARTIES<\/h3>\n<p>Any interested party has the right to:<br \/> Right to information Tienes derecho a ser informado de forma clara ANTES de que tus datos sean recogidos sobre qu\u00e9 datos tuyos est\u00e1n siendo tratados, con qu\u00e9 finalidad se tratan, donde han conseguido los datos y si los van a comunicar o los han comunicado a alguienRight to access To know which data is being used, what it is being used for, where the data has been obtained, and if they have been shared or will be shared in future with a third party.Right to rectification To modify those data that is inexact or incompleteRight to erasure To cancel or erase your inadequate or excessive dataRight to oppose To avoid your data to be used, or to stop your data from being used, except for legal obligationsRight of limitation of processing To request a limitation of the processing of your data, when no legal obligations existRight to portability of the data To receive your data in a structured electronic file in a common format so as to transfer them to a new controllerRight not to be subject of individual decisions. To avoid the processing of data to influence in a decision that has juridical implications, or would affect you only based on the processing of the data.<br \/> If you wish to exercise any of these rights, please contact us at:<br \/> COCINAS CARBEL S.L<br \/> CALLE CIUDAD DE CARTAGENA 22, 46988 \u2013 PATERNA \u2013 VALENCIA<br \/> RGPD@CARBEL.NET<\/p>\n<h3>AUTORISED CONTROLLER<\/h3>\n<p> If you wish to make a complaint relating to the processing of your data by COCINAS CARBEL SL, we inform you that you can contact the \u201cAgencia Espa\u00f1ola de Protecci\u00f3n de datos\u201d, C\/ Jorge Juan, 6 28001-Madrid http:\/\/www.agpd.es<\/p>\n<h3>APPLICABLE LEGEISLATION AND COMPETENT COURTS<\/h3>\n<p>The terms and conditions that apply to this web site, as well as the relationships that may follow from using it, are protected and are according to Spanish current legislation. For any controversy, litigation, or discrepancy that may arise between the user and COCINAS CARBEL S.L because of the use if this web site, the parties expressly agree to submit to the courts of Valencia, Espa\u00f1a.<\/p>\n<p>[\/et_pb_text][\/et_pb_column][\/et_pb_row][\/et_pb_section]<\/p>\n","protected":false},"excerpt":{"rendered":"<p>PROTECTION POLICY In accordance with article 10 of\u00a0 Spanish law 34\/2002, from July 11, we inform you that COCINAS CARBEL S.L\u00a0 \u00a0with VAT-number ESB46003638\u00a0 and address at CALLE CIUDAD DE CARTAGENA 22, 46988 \u2013 PATERNA \u2013 VALENCIA \u2013 SPAIN is in charge of the operation and management of\u00a0 WWW.CARBEL.NET\u00a0 , inscribed at the mercantile register [&hellip;]<\/p>\n","protected":false},"author":1,"featured_media":0,"parent":0,"menu_order":0,"comment_status":"closed","ping_status":"closed","template":"","meta":{"_et_pb_use_builder":"on","_et_pb_old_content":"[et_pb_section fb_built=\"1\" admin_label=\"Feature\" _builder_version=\"4.4.6\" background_color=\"#293133\" background_color_gradient_direction=\"144deg\" background_enable_image=\"off\" custom_margin=\"0px||0px||false|false\" custom_padding=\"0px||0px||false|false\" top_divider_color=\"rgba(0,0,0,0)\" bottom_divider_color=\"rgba(151,0,0,0.2)\" bottom_divider_flip=\"horizontal\" locked=\"off\"][et_pb_row _builder_version=\"4.4.6\" module_alignment=\"center\" custom_margin=\"0px||0px||false|false\"][et_pb_column type=\"4_4\" _builder_version=\"4.4.6\" custom_padding=\"0px||0px||false|false\"][et_pb_text _builder_version=\"4.4.6\" header_2_text_color=\"#d9d9d9\" header_2_font_size=\"34px\" hover_enabled=\"0\"]\n<h2 style=\"text-align: center;\">POL\u00cdTICA DE PRIVACIDAD<\/h2>\n[\/et_pb_text][\/et_pb_column][\/et_pb_row][\/et_pb_section][et_pb_section fb_built=\"1\" _builder_version=\"4.3.1\"][et_pb_row _builder_version=\"4.3.1\"][et_pb_column type=\"4_4\" _builder_version=\"4.3.1\"][et_pb_text _builder_version=\"4.4.6\" hover_enabled=\"0\"]\n<div class=\"page-title-container\">\n<div class=\"page-title\">\n<div class=\"page-title-wrapper\"><\/div>\n<\/div>\n<\/div>\n<div id=\"main\" class=\"\" style=\"overflow: hidden !important;\">\n<div class=\"avada-row\">\n<div id=\"content\" style=\"width: 100%;\">\n<div id=\"post-4942\" class=\"post-4942 page type-page status-publish hentry\">\n<div class=\"post-content\">\n\nDe acuerdo con el art\u00edculo 10 de la Ley 34\/2002, de 11 de julio, de Servicios de la Sociedad de la Informaci\u00f3n y Comercio Electr\u00f3nico, ponemos en su conocimiento que COCINAS CARBEL S.L&nbsp; &nbsp;con C.I.F. B46003638&nbsp; y domicilio en CALLE CIUDAD DE CARTAGENA 22, 46988 \u2013 PATERNA \u2013 VALENCIA&nbsp; es la encargada de la gesti\u00f3n y funcionamiento del sitio <a href=\"http:\/\/WWW.CARBEL.NET\">WWW.CARBEL.NET<\/a>&nbsp; , REGISTRO MERCANTIL DE VALENCIA Tomo: 4042 Libro: 1354 Folio: 126 Secci\u00f3n: 8 Hoja: V-18328 Num. Inscripci\u00f3n: 12\n\nSi desea contactar con nosotros puede hacerlo mediante correo postal, en la &nbsp;CALLE CIUDAD DE CARTAGENA 22, 46988 \u2013 PATERNA \u2013 VALENCIA o bien a trav\u00e9s del correo electr\u00f3nico&nbsp;<strong>RGPD@CARBEL.NET<\/strong>\n\n<strong>&nbsp;<\/strong>\n<h2><strong>POL\u00cdTICA DE PROTECCI\u00d3N DE DATOS <\/strong><\/h2>\n&nbsp;\n\nCOCINAS CARBEL S.L considera esencial garantizar la protecci\u00f3n de los datos de car\u00e1cter personal de sus clientes y visitantes (en adelante, los usuarios), recabados al objeto de prestar un correcto servicio a los mismos. Por ello, con el fin de proteger la intimidad y privacidad de todos ellos, ponemos de manifiesto nuestro respeto y cumplimiento con la legislaci\u00f3n vigente en materia de protecci\u00f3n de datos, as\u00ed la presente pol\u00edtica de privacidad tiene como objetivo proporcionar la m\u00e1xima transparencia sobre el tratamiento de sus datos por parte de COCINAS CARBEL S.L\n\n&nbsp;\n\nAs\u00ed pues, en cumplimiento de la Normativa Europea (UE) 2016\/679 del Parlamento Europeo y del Consejo de 27 de Abril de 2016 relativo a la Protecci\u00f3n de Datos de Car\u00e1cter Personal, por medio del presente documento, COCINAS CARBEL S.L &nbsp;informa:\n<ol>\n \t<li>\n<h3><strong>RESPONSABLE DEL TRATAMIENTO<\/strong><\/h3>\n<\/li>\n<\/ol>\nCOCINAS CARBEL S.L con C.I.F. B46003638 y domicilio en CALLE CIUDAD DE CARTAGENA 22, 46988 \u2013 PATERNA \u2013 VALENCIA es la Responsable del Tratamiento.\n\nCuando usted solicita uno de nuestros productos, servicios o informaci\u00f3n, COCINAS CARBEL S.L &nbsp;\u00fanicamente requiere la informaci\u00f3n esencial para poder proporcionar prestar respuesta a su solicitud.\n<ol start=\"2\">\n \t<li>\n<h3><strong>FINALIDAD DEL TRATAMIENTO<\/strong><\/h3>\n<\/li>\n<\/ol>\nTodos los datos proporcionados son revisados y examinados minuciosamente para evitar el uso fraudulento de datos personales.\n\nLa finalidad del tratamiento de los datos corresponde a cada una de las actividades de tratamiento que realiza COCINAS CARBEL S.L&nbsp; y que est\u00e1n accesibles en el <a href=\"https:\/\/carbel.net\/registro-de-actividades\/\" target=\"_blank\" rel=\"noopener noreferrer\">registro de actividades de tratamiento<\/a>.\n<ol start=\"3\">\n \t<li>\n<h3><strong>CESI\u00d3N DE DATOS A TERCEROS<\/strong><\/h3>\n<\/li>\n<\/ol>\nComo norma general los datos obtenidos no ser\u00e1n cedidos a terceros, salvo en las ocasiones que sea necesaria por alguna obligaci\u00f3n legal, a las autoridades y\/o a los tribunales de justicia en cumplimiento de un requerimiento formal seg\u00fan la legislaci\u00f3n vigente.\n<ol start=\"4\">\n \t<li>\n<h3><strong>CONSERVACI\u00d3N DE LOS DATOS<\/strong><\/h3>\n<\/li>\n<\/ol>\nLos datos ser\u00e1n conservados mientras exista una relaci\u00f3n comercial, contractual o profesional con el usuario y posteriormente durante los a\u00f1os necesarios para cumplir con las obligaciones legales correspondientes en cada caso.\n\nPuede consultar m\u00e1s informaci\u00f3n sobre la conservaci\u00f3n de datos espec\u00edficos en el <a href=\"https:\/\/carbel.net\/registro-de-actividades\/\" target=\"_blank\" rel=\"noopener noreferrer\">Registro de Actividades<\/a>, en el apartado de cada actividad \u00abPlazo de Supresi\u00f3n\u00bb.\n<ol start=\"5\">\n \t<li>\n<h3><strong>LEGITIMACI\u00d3N PARA EL TRATAMIENTO DE LOS DATOS<\/strong><\/h3>\n<\/li>\n<\/ol>\nEl uso de sus datos en las condiciones anteriormente descritas est\u00e1 permitido por la normativa de protecci\u00f3n de datos europea y espa\u00f1ola de conformidad con las siguientes bases jur\u00eddicas:\n<ul>\n \t<li>Usted ha manifestado su consentimiento (se le ha presentado un formulario de consentimiento para que autorice el tratamiento de sus datos con determinadas finalidades; usted puede revocar el consentimiento prestado en todo momento)<\/li>\n \t<li>El tratamiento de sus datos es necesario para la gesti\u00f3n y mantenimiento de un contrato suscrito con usted<\/li>\n \t<li>El tratamiento de sus datos es necesario para cumplir con nuestras obligaciones legales<\/li>\n<\/ul>\nPuede consultar m\u00e1s informaci\u00f3n sobre la legitimaci\u00f3n para el tratamiento de categor\u00edas especiales de datos personales (art. 9 RGPD) en el Registro de Actividades (LINK AL REGISTRO DE ACTIVIDADES), apartado \u201cLegitimaci\u00f3n del tratamiento\u201d.\n<ol start=\"6\">\n \t<li>\n<h3><strong>COOKIES<\/strong><\/h3>\n<\/li>\n<\/ol>\nToda la informaci\u00f3n relevante sobre el uso de cookies est\u00e1 recogida en nuestra Pol\u00edtica de Cookies\n<ol start=\"7\">\n \t<li>\n<h3><strong>TRANSPARENCIA<\/strong><\/h3>\n<\/li>\n<\/ol>\nTodos los datos facilitados por usted, son utilizados para proporcionarle el mayor nivel de servicio, igualmente el objetivo de cualquier an\u00e1lisis de datos es la mejora de nuestros servicios, productos o informaci\u00f3n manteniendo nuestro compromiso de cumplimiento con la legislaci\u00f3n vigente sobre protecci\u00f3n de datos.\n\n&nbsp;\n<ol start=\"8\">\n \t<li>\n<h3><strong>DERECHOS DE LOS INTERESADOS<\/strong><\/h3>\n<\/li>\n<\/ol>\nCualquier interesado tiene el derecho a:\n<table width=\"588\">\n<tbody>\n<tr>\n<td width=\"169\">Derecho de informaci\u00f3n<\/td>\n<td width=\"419\">Tienes derecho a ser informado de forma clara ANTES de que tus datos sean recogidos sobre qu\u00e9 datos tuyos est\u00e1n siendo tratados, con qu\u00e9 finalidad se tratan, donde han conseguido los datos y si los van a comunicar o los han comunicado a alguien<\/td>\n<\/tr>\n<tr>\n<td width=\"169\">Derecho de acceso<\/td>\n<td width=\"419\">Para conocer qu\u00e9 datos tuyos est\u00e1n siendo tratados, con qu\u00e9 finalidad se tratan, donde han conseguido los datos y si los van a comunicar o los han comunicado a alguien<\/td>\n<\/tr>\n<tr>\n<td width=\"169\">Derecho de rectificaci\u00f3n<\/td>\n<td width=\"419\">Para modificar aquellos datos tuyos inexactos o incompletos<\/td>\n<\/tr>\n<tr>\n<td width=\"169\">Derecho de cancelaci\u00f3n<\/td>\n<td width=\"419\">Para cancelar tus datos inadecuados o excesivos<\/td>\n<\/tr>\n<tr>\n<td width=\"169\">Derecho de oposici\u00f3n<\/td>\n<td width=\"419\">Para evitar que se traten tus datos o que dejen de tratarse aunque s\u00f3lo en los supuestos que establece la ley<\/td>\n<\/tr>\n<tr>\n<td width=\"169\">Derecho de limitaci\u00f3n del tratamiento<\/td>\n<td width=\"419\">Para solicitar que se suspenda el tratamiento de datos en los supuestos que establece la ley<\/td>\n<\/tr>\n<tr>\n<td width=\"169\">Derecho a la portabilidad de los datos<\/td>\n<td width=\"419\">Para poder recibir tus datos facilitados en un formato electr\u00f3nico estructurado y de uso habitual y poder transmitirlos a otro responsable<\/td>\n<\/tr>\n<tr>\n<td width=\"169\">Derecho a no ser objeto de decisiones individualizadas<\/td>\n<td width=\"419\">Con el fin de que no se tome una decisi\u00f3n sobre ti que produzca efectos jur\u00eddicos o te afecte basada s\u00f3lo en el tratamiento de tus datos<\/td>\n<\/tr>\n<\/tbody>\n<\/table>\n&nbsp;\n\nSi desea ejercer cualquiera de estos derechos, por favor p\u00f3ngase en contacto con nosotros en:\n\nCOCINAS CARBEL S.L\n\nCALLE CIUDAD DE CARTAGENA 22, 46988 \u2013 PATERNA \u2013 VALENCIA\n\n<strong>RGPD@CARBEL.NET<\/strong>\n\n<u>&nbsp;<\/u>\n\n<u>AUTORIDAD DE CONTROL<\/u>\n\nSi desea plantear una reclamaci\u00f3n en relaci\u00f3n al tratamiento de sus datos por parte de LA EMPRESA, le informamos que puede ponerse en contacto con la Agencia Espa\u00f1ola de Protecci\u00f3n de datos, C\/ Jorge Juan, 6 28001-Madrid <a href=\"http:\/\/www.agpd.es\">http:\/\/www.agpd.es<\/a>\n\n&nbsp;\n<ol start=\"9\">\n \t<li>\n<h3><strong>LEGISLACI\u00d3N APLICABLE Y TRIBUNALES COMPETENTES<\/strong><\/h3>\n<\/li>\n<\/ol>\nLos t\u00e9rminos y condiciones que rigen este website, as\u00ed como las relaciones que pudieran derivarse est\u00e1n protegidas y quedan sujetas a la legislaci\u00f3n espa\u00f1ola. Para la resoluci\u00f3n de cualquier tipo de controversia, litigio o discrepancia que pudiera suscitarse entre el usuario y COCINAS CARBEL S.L&nbsp; por el uso de este sitio web, se acuerda el sometimiento de las mismas a los Juzgados y Tribunales de Valencia, Espa\u00f1a.\n\n<\/div>\n<\/div>\n<\/div>\n<\/div>\n<\/div>\n[\/et_pb_text][\/et_pb_column][\/et_pb_row][\/et_pb_section]","_et_gb_content_width":"","footnotes":""},"class_list":["post-9979","page","type-page","status-publish","hentry"],"yoast_head":"<!-- This site is optimized with the Yoast SEO plugin v14.0.4 - https:\/\/yoast.com\/wordpress\/plugins\/seo\/ -->\n<title>Protection Policy - Carbel<\/title>\n<meta name=\"robots\" content=\"index, follow\" \/>\n<meta name=\"googlebot\" content=\"index, follow, max-snippet:-1, max-image-preview:large, max-video-preview:-1\" \/>\n<meta name=\"bingbot\" content=\"index, follow, max-snippet:-1, max-image-preview:large, max-video-preview:-1\" \/>\n<link rel=\"canonical\" href=\"https:\/\/carbel.net\/en\/protection-policy\/\" \/>\n<meta property=\"og:locale\" content=\"en_US\" \/>\n<meta property=\"og:type\" content=\"article\" \/>\n<meta property=\"og:title\" content=\"Protection Policy - Carbel\" \/>\n<meta property=\"og:description\" content=\"PROTECTION POLICY In accordance with article 10 of\u00a0 Spanish law 34\/2002, from July 11, we inform you that COCINAS CARBEL S.L\u00a0 \u00a0with VAT-number ESB46003638\u00a0 and address at CALLE CIUDAD DE CARTAGENA 22, 46988 \u2013 PATERNA \u2013 VALENCIA \u2013 SPAIN is in charge of the operation and management of\u00a0 WWW.CARBEL.NET\u00a0 , inscribed at the mercantile register [&hellip;]\" \/>\n<meta property=\"og:url\" content=\"https:\/\/carbel.net\/en\/protection-policy\/\" \/>\n<meta property=\"og:site_name\" content=\"Carbel\" \/>\n<meta property=\"article:modified_time\" content=\"2021-08-24T15:10:24+00:00\" \/>\n<meta name=\"twitter:card\" content=\"summary_large_image\" \/>\n<script type=\"application\/ld+json\" class=\"yoast-schema-graph\">{\"@context\":\"https:\/\/schema.org\",\"@graph\":[{\"@type\":\"WebSite\",\"@id\":\"https:\/\/carbel.net\/en\/#website\",\"url\":\"https:\/\/carbel.net\/en\/\",\"name\":\"Carbel\",\"description\":\"Fabricante de chimeneas y estufas de le\\u00f1as\",\"potentialAction\":[{\"@type\":\"SearchAction\",\"target\":\"https:\/\/carbel.net\/en\/?s={search_term_string}\",\"query-input\":\"required name=search_term_string\"}],\"inLanguage\":\"en-US\"},{\"@type\":\"WebPage\",\"@id\":\"https:\/\/carbel.net\/en\/protection-policy\/#webpage\",\"url\":\"https:\/\/carbel.net\/en\/protection-policy\/\",\"name\":\"Protection Policy - Carbel\",\"isPartOf\":{\"@id\":\"https:\/\/carbel.net\/en\/#website\"},\"datePublished\":\"2021-08-24T15:05:25+00:00\",\"dateModified\":\"2021-08-24T15:10:24+00:00\",\"inLanguage\":\"en-US\",\"potentialAction\":[{\"@type\":\"ReadAction\",\"target\":[\"https:\/\/carbel.net\/en\/protection-policy\/\"]}]}]}<\/script>\n<!-- \/ Yoast SEO plugin. -->","_links":{"self":[{"href":"https:\/\/carbel.net\/en\/wp-json\/wp\/v2\/pages\/9979","targetHints":{"allow":["GET"]}}],"collection":[{"href":"https:\/\/carbel.net\/en\/wp-json\/wp\/v2\/pages"}],"about":[{"href":"https:\/\/carbel.net\/en\/wp-json\/wp\/v2\/types\/page"}],"author":[{"embeddable":true,"href":"https:\/\/carbel.net\/en\/wp-json\/wp\/v2\/users\/1"}],"replies":[{"embeddable":true,"href":"https:\/\/carbel.net\/en\/wp-json\/wp\/v2\/comments?post=9979"}],"version-history":[{"count":3,"href":"https:\/\/carbel.net\/en\/wp-json\/wp\/v2\/pages\/9979\/revisions"}],"predecessor-version":[{"id":9983,"href":"https:\/\/carbel.net\/en\/wp-json\/wp\/v2\/pages\/9979\/revisions\/9983"}],"wp:attachment":[{"href":"https:\/\/carbel.net\/en\/wp-json\/wp\/v2\/media?parent=9979"}],"curies":[{"name":"wp","href":"https:\/\/api.w.org\/{rel}","templated":true}]}}