{"id":9640,"date":"2021-08-17T14:49:51","date_gmt":"2021-08-17T12:49:51","guid":{"rendered":"https:\/\/carbel.net\/Nuevaweb\/?page_id=9640"},"modified":"2023-05-17T18:17:28","modified_gmt":"2023-05-17T16:17:28","slug":"environment","status":"publish","type":"page","link":"https:\/\/carbel.net\/en\/environment\/","title":{"rendered":"Environment"},"content":{"rendered":"<p>[et_pb_section fb_built=&#8221;1&#8243; admin_label=&#8221;Feature&#8221; _builder_version=&#8221;4.4.6&#8243; background_color=&#8221;#293133&#8243; background_color_gradient_direction=&#8221;144deg&#8221; background_enable_image=&#8221;off&#8221; custom_margin=&#8221;0px||0px||false|false&#8221; custom_padding=&#8221;0px||0px||false|false&#8221; top_divider_color=&#8221;rgba(0,0,0,0)&#8221; bottom_divider_color=&#8221;rgba(151,0,0,0.2)&#8221; bottom_divider_flip=&#8221;horizontal&#8221;][et_pb_row _builder_version=&#8221;4.4.6&#8243; module_alignment=&#8221;center&#8221; custom_margin=&#8221;0px||0px||false|false&#8221;][et_pb_column type=&#8221;4_4&#8243; _builder_version=&#8221;4.4.6&#8243; custom_padding=&#8221;0px||0px||false|false&#8221;][et_pb_text _builder_version=&#8221;4.4.6&#8243; header_2_text_color=&#8221;#d9d9d9&#8243; header_2_font_size=&#8221;34px&#8221; hover_enabled=&#8221;0&#8243;]<\/p>\n<h2 style=\"text-align: center;\">ENVIRONMENT<\/h2>\n<p>[\/et_pb_text][\/et_pb_column][\/et_pb_row][\/et_pb_section][et_pb_section fb_built=&#8221;1&#8243; admin_label=&#8221;4 destacados&#8221; _builder_version=&#8221;4.4.6&#8243; background_color=&#8221;#000000&#8243; use_background_color_gradient=&#8221;on&#8221; background_color_gradient_start=&#8221;#293133&#8243; background_color_gradient_end=&#8221;#0a0202&#8243; background_enable_image=&#8221;off&#8221; background_blend=&#8221;multiply&#8221; width=&#8221;100%&#8221; custom_padding=&#8221;0|0px|0|0px|true|false&#8221; bottom_divider_flip=&#8221;horizontal&#8221; bottom_divider_arrangement=&#8221;above_content&#8221;][et_pb_row _builder_version=&#8221;4.4.6&#8243;][et_pb_column type=&#8221;4_4&#8243; _builder_version=&#8221;4.4.6&#8243;][et_pb_text _builder_version=&#8221;4.4.6&#8243; text_text_color=&#8221;#d9d9d9&#8243; link_text_color=&#8221;#cc0000&#8243; header_text_color=&#8221;#d9d9d9&#8243; hover_enabled=&#8221;0&#8243;]<\/p>\n<h1>Concerned about the environment<\/h1>\n<p><strong><\/strong><\/p>\n<p>Since the beginning, CARBEL has opted for renewable energies and respect for the environment, so much that we make it our way of life.<\/p>\n<p>When it comes to preserving the environment, it is as important to use renewable energy sources, as it is to develop highly efficient products, more respectful with the environment. In this way, by using Carbel products, we will make the most of each piece of firewood and reduce emissions to the minimum.<\/p>\n<p>In this spirit, it was logical then to do the most to reduce our own consumption and emissions, with the installation in our factory of a photovoltaic solar plant. The plant is on the roof surface of our factory in Paterna, and occupies around 2000 square meters, with 576 panels and 7 inverters.<\/p>\n<p>The approximate energy production is around 170.000 kWh per year for our direct energy needs. This reduces also our traditional energy bill by 45%, and an estimated reduction of CO emissions of 82 tons per year.<\/p>\n<p>[\/et_pb_text][\/et_pb_column][\/et_pb_row][et_pb_row column_structure=&#8221;1_2,1_2&#8243; _builder_version=&#8221;4.4.6&#8243;][et_pb_column type=&#8221;1_2&#8243; _builder_version=&#8221;4.4.6&#8243;][et_pb_image src=&#8221;https:\/\/carbel.net\/wp-content\/uploads\/2021\/01\/carbel-cast2.jpg&#8221; title_text=&#8221;carbel-cast2&#8243; _builder_version=&#8221;4.4.6&#8243;][\/et_pb_image][\/et_pb_column][et_pb_column type=&#8221;1_2&#8243; _builder_version=&#8221;4.4.6&#8243;][et_pb_image src=&#8221;https:\/\/carbel.net\/wp-content\/uploads\/2021\/01\/carbel-cast1.jpg&#8221; title_text=&#8221;carbel-cast1&#8243; _builder_version=&#8221;4.4.6&#8243;][\/et_pb_image][\/et_pb_column][\/et_pb_row][et_pb_row column_structure=&#8221;1_4,1_4,1_4,1_4&#8243; _builder_version=&#8221;4.4.6&#8243; locked=&#8221;off&#8221;][et_pb_column type=&#8221;1_4&#8243; _builder_version=&#8221;4.4.6&#8243;][et_pb_blurb title=&#8221;MANUFACTURER&#8221; image=&#8221;https:\/\/carbel.net\/wp-content\/uploads\/2020\/05\/icono-chimenea.png&#8221; image_max_width=&#8221;40%&#8221; _builder_version=&#8221;4.4.6&#8243; header_level=&#8221;h3&#8243; header_font=&#8221;Lato|700|||||||&#8221; header_text_color=&#8221;#ffffff&#8221; body_font=&#8221;Lato||||||||&#8221; body_font_size=&#8221;16px&#8221; body_line_height=&#8221;1.8em&#8221; text_orientation=&#8221;center&#8221; background_layout=&#8221;dark&#8221; max_width=&#8221;340px&#8221; module_alignment=&#8221;center&#8221; custom_margin=&#8221;0px||38px||false|false&#8221; animation_style=&#8221;slide&#8221; animation_direction=&#8221;bottom&#8221; animation_intensity_slide=&#8221;5%&#8221;]<\/p>\n<p>Since 1957, we design and produce our own models of fireplaces and stoves.<\/p>\n<p>[\/et_pb_blurb][\/et_pb_column][et_pb_column type=&#8221;1_4&#8243; _builder_version=&#8221;4.4.6&#8243;][et_pb_blurb title=&#8221;EXCELLENCE&#8221; image=&#8221;https:\/\/carbel.net\/wp-content\/uploads\/2020\/05\/icono-5-estrellas.png&#8221; image_max_width=&#8221;40%&#8221; _builder_version=&#8221;4.4.6&#8243; header_level=&#8221;h3&#8243; header_font=&#8221;Lato|700|||||||&#8221; header_text_color=&#8221;#ffffff&#8221; body_font=&#8221;Lato||||||||&#8221; body_font_size=&#8221;16px&#8221; body_line_height=&#8221;1.8em&#8221; text_orientation=&#8221;center&#8221; background_layout=&#8221;dark&#8221; max_width=&#8221;340px&#8221; module_alignment=&#8221;center&#8221; custom_margin=&#8221;0px||38px||false|false&#8221; animation_style=&#8221;slide&#8221; animation_direction=&#8221;bottom&#8221; animation_intensity_slide=&#8221;5%&#8221;]<\/p>\n<p>All our models complies with the mandatory certifications and regulations.<\/p>\n<p>[\/et_pb_blurb][\/et_pb_column][et_pb_column type=&#8221;1_4&#8243; _builder_version=&#8221;4.4.6&#8243;][et_pb_blurb title=&#8221;INTERNATIONAL&#8221; image=&#8221;https:\/\/carbel.net\/wp-content\/uploads\/2020\/05\/icono-internacional.png&#8221; image_max_width=&#8221;40%&#8221; _builder_version=&#8221;4.4.6&#8243; header_level=&#8221;h3&#8243; header_font=&#8221;Lato|700|||||||&#8221; header_text_color=&#8221;#ffffff&#8221; body_font=&#8221;Lato||||||||&#8221; body_font_size=&#8221;16px&#8221; body_line_height=&#8221;1.8em&#8221; text_orientation=&#8221;center&#8221; background_layout=&#8221;dark&#8221; max_width=&#8221;340px&#8221; module_alignment=&#8221;center&#8221; custom_margin=&#8221;0px||38px||false|false&#8221; animation_style=&#8221;slide&#8221; animation_direction=&#8221;bottom&#8221; animation_intensity_slide=&#8221;5%&#8221;]<\/p>\n<p>Our products are distributed in more than 35 countries.<\/p>\n<p>[\/et_pb_blurb][\/et_pb_column][et_pb_column type=&#8221;1_4&#8243; _builder_version=&#8221;4.4.6&#8243;][et_pb_blurb title=&#8221;COMMITMENT&#8221; image=&#8221;https:\/\/carbel.net\/wp-content\/uploads\/2020\/05\/icono-clientes-1.png&#8221; image_max_width=&#8221;40%&#8221; _builder_version=&#8221;4.4.6&#8243; header_level=&#8221;h3&#8243; header_font=&#8221;Lato|700|||||||&#8221; header_text_color=&#8221;#ffffff&#8221; body_font=&#8221;Lato||||||||&#8221; body_font_size=&#8221;16px&#8221; body_line_height=&#8221;1.8em&#8221; text_orientation=&#8221;center&#8221; background_layout=&#8221;dark&#8221; max_width=&#8221;340px&#8221; module_alignment=&#8221;center&#8221; custom_margin=&#8221;0px||38px||false|false&#8221; animation_style=&#8221;slide&#8221; animation_direction=&#8221;bottom&#8221; animation_intensity_slide=&#8221;5%&#8221;]<\/p>\n<p>With our customers \u2013 dealers and with the final customer.<\/p>\n<p>[\/et_pb_blurb][\/et_pb_column][\/et_pb_row][\/et_pb_section][et_pb_section fb_built=&#8221;1&#8243; _builder_version=&#8221;4.3.1&#8243; background_color=&#8221;#d9d9d9&#8243;][et_pb_row make_equal=&#8221;on&#8221; module_class=&#8221;kirisama_blog&#8221; _builder_version=&#8221;4.3.1&#8243;][et_pb_column type=&#8221;4_4&#8243; _builder_version=&#8221;4.3.1&#8243;][et_pb_gallery gallery_ids=&#8221;7521,7512,7515,7518,7524,7527,7530,7533,7536&#8243; _builder_version=&#8221;4.4.6&#8243;][\/et_pb_gallery][\/et_pb_column][\/et_pb_row][\/et_pb_section]<\/p>\n","protected":false},"excerpt":{"rendered":"<p>ENVIRONMENT Concerned about the environment Since the beginning, CARBEL has opted for renewable energies and respect for the environment, so much that we make it our way of life. When it comes to preserving the environment, it is as important to use renewable energy sources, as it is to develop highly efficient products, more respectful [&hellip;]<\/p>\n","protected":false},"author":1,"featured_media":0,"parent":0,"menu_order":0,"comment_status":"closed","ping_status":"closed","template":"","meta":{"_et_pb_use_builder":"on","_et_pb_old_content":"[et_pb_section fb_built=\"1\" admin_label=\"Feature\" _builder_version=\"4.4.6\" background_color=\"#293133\" background_color_gradient_direction=\"144deg\" background_enable_image=\"off\" custom_margin=\"0px||0px||false|false\" custom_padding=\"0px||0px||false|false\" top_divider_color=\"rgba(0,0,0,0)\" bottom_divider_color=\"rgba(151,0,0,0.2)\" bottom_divider_flip=\"horizontal\"][et_pb_row _builder_version=\"4.4.6\" module_alignment=\"center\" custom_margin=\"0px||0px||false|false\"][et_pb_column type=\"4_4\" _builder_version=\"4.4.6\" custom_padding=\"0px||0px||false|false\"][et_pb_text _builder_version=\"4.4.6\" header_2_text_color=\"#d9d9d9\" header_2_font_size=\"34px\"]\n<h2 style=\"text-align: center;\">MEDIO AMBIENTE<\/h2>\n[\/et_pb_text][\/et_pb_column][\/et_pb_row][\/et_pb_section][et_pb_section fb_built=\"1\" admin_label=\"4 destacados\" _builder_version=\"4.4.6\" background_color=\"#000000\" use_background_color_gradient=\"on\" background_color_gradient_start=\"#293133\" background_color_gradient_end=\"#0a0202\" background_enable_image=\"off\" background_blend=\"multiply\" width=\"100%\" custom_padding=\"0|0px|0|0px|true|false\" bottom_divider_flip=\"horizontal\" bottom_divider_arrangement=\"above_content\"][et_pb_row _builder_version=\"4.4.6\"][et_pb_column type=\"4_4\" _builder_version=\"4.4.6\"][et_pb_text _builder_version=\"4.4.6\" text_text_color=\"#d9d9d9\" header_text_color=\"#d9d9d9\" hover_enabled=\"0\" link_text_color=\"#cc0000\"]\n<h1><strong>Preocupados por el medio ambiente<\/strong><\/h1>\n<strong><\/strong>\n\nDesde sus inicios CARBEL ha apostado por las energ\u00edas renovables y el respeto al medio al medio ambiente, tanto que lo convertimos en nuestro estilo de vida. A lo largo de los a\u00f1os hemos trabajado para reducir las emisiones de nuestros aparatos y hacerlos m\u00e1s respetuosos con el medio ambiente. Era l\u00f3gico pues, tratar de reducir tambi\u00e9n nuestro consumo y emisiones.\n\nPara ello en CARBEL hemos llevado a cabo la instalaci\u00f3n de una planta solar fotovoltaica para auto consumo permiti\u00e9ndonos ser autosuficientes. Esta se ha ubicado sobre la cubierta de nuestra nave industrial en Fuente del Jarro. La instalaci\u00f3n ocupa unos 2.000 m2 de la superficie de la cubierta, y est\u00e1 compuesta por 576 paneles y 7 inversores.\n\nLa producci\u00f3n energ\u00e9tica aproximado es de 170.000 kWh al a\u00f1o que ser\u00e1n directamente para auto consumo. Lo que supone un ahorro energ\u00e9tico del 45%, y se calcula que se evita la emisi\u00f3n a la atm\u00f3sfera de aproximadamente 82 toneladas de CO2 anuales. Con esto en CARBEL reafirmamos nuestra filosof\u00eda de respeto al medio ambiente y la dedicaci\u00f3n a las energ\u00edas renovables.\n\nPara mas informaci\u00f3n consulta el art\u00edculo en el diario Levante o el <a href=\"https:\/\/carbel.net\/wp-content\/uploads\/page0016.pdf\" target=\"_blank\" rel=\"noopener noreferrer\">reportaje en la revista industrial Asivalco<\/a>.\n\n[\/et_pb_text][\/et_pb_column][\/et_pb_row][et_pb_row column_structure=\"1_2,1_2\" _builder_version=\"4.4.6\"][et_pb_column type=\"1_2\" _builder_version=\"4.4.6\"][et_pb_image src=\"https:\/\/carbel.net\/wp-content\/uploads\/2021\/01\/carbel-cast2.jpg\" title_text=\"carbel-cast2\" _builder_version=\"4.4.6\"][\/et_pb_image][\/et_pb_column][et_pb_column type=\"1_2\" _builder_version=\"4.4.6\"][et_pb_image src=\"https:\/\/carbel.net\/wp-content\/uploads\/2021\/01\/carbel-cast1.jpg\" title_text=\"carbel-cast1\" _builder_version=\"4.4.6\"][\/et_pb_image][\/et_pb_column][\/et_pb_row][et_pb_row column_structure=\"1_4,1_4,1_4,1_4\" _builder_version=\"4.4.6\" locked=\"off\"][et_pb_column type=\"1_4\" _builder_version=\"4.4.6\"][et_pb_blurb title=\"FABRICANTES\" image=\"https:\/\/carbel.net\/wp-content\/uploads\/2020\/05\/icono-chimenea.png\" image_max_width=\"40%\" _builder_version=\"4.4.6\" header_level=\"h3\" header_font=\"Lato|700|||||||\" header_text_color=\"#ffffff\" body_font=\"Lato||||||||\" body_font_size=\"16px\" body_line_height=\"1.8em\" text_orientation=\"center\" background_layout=\"dark\" max_width=\"340px\" module_alignment=\"center\" custom_margin=\"0px||38px||false|false\" animation_style=\"slide\" animation_direction=\"bottom\" animation_intensity_slide=\"5%\"]\n\nDesde 1957, dise\u00f1amos y fabricamos nuestros propios modelos de chimeneas y estufas.\n\n[\/et_pb_blurb][\/et_pb_column][et_pb_column type=\"1_4\" _builder_version=\"4.4.6\"][et_pb_blurb title=\"EXCELENCIA\" image=\"https:\/\/carbel.net\/wp-content\/uploads\/2020\/05\/icono-5-estrellas.png\" image_max_width=\"40%\" _builder_version=\"4.4.6\" header_level=\"h3\" header_font=\"Lato|700|||||||\" header_text_color=\"#ffffff\" body_font=\"Lato||||||||\" body_font_size=\"16px\" body_line_height=\"1.8em\" text_orientation=\"center\" background_layout=\"dark\" max_width=\"340px\" module_alignment=\"center\" custom_margin=\"0px||38px||false|false\" animation_style=\"slide\" animation_direction=\"bottom\" animation_intensity_slide=\"5%\"]\n\nTodos nuestros modelos cuentan con todas las certificaciones de obligatorio cumplimiento.\n\n[\/et_pb_blurb][\/et_pb_column][et_pb_column type=\"1_4\" _builder_version=\"4.4.6\"][et_pb_blurb title=\"INTERNACIONAL\" image=\"https:\/\/carbel.net\/wp-content\/uploads\/2020\/05\/icono-internacional.png\" image_max_width=\"40%\" _builder_version=\"4.4.6\" header_level=\"h3\" header_font=\"Lato|700|||||||\" header_text_color=\"#ffffff\" body_font=\"Lato||||||||\" body_font_size=\"16px\" body_line_height=\"1.8em\" text_orientation=\"center\" background_layout=\"dark\" max_width=\"340px\" module_alignment=\"center\" custom_margin=\"0px||38px||false|false\" animation_style=\"slide\" animation_direction=\"bottom\" animation_intensity_slide=\"5%\"]\n\nNuestros productos se distribuyen en m\u00e1s de 35 paises.\n\n[\/et_pb_blurb][\/et_pb_column][et_pb_column type=\"1_4\" _builder_version=\"4.4.6\"][et_pb_blurb title=\"COMPROMISO\" image=\"https:\/\/carbel.net\/wp-content\/uploads\/2020\/05\/icono-clientes-1.png\" image_max_width=\"40%\" _builder_version=\"4.3.1\" header_level=\"h3\" header_font=\"Lato|700|||||||\" header_text_color=\"#ffffff\" body_font=\"Lato||||||||\" body_font_size=\"16px\" body_line_height=\"1.8em\" text_orientation=\"center\" background_layout=\"dark\" max_width=\"340px\" module_alignment=\"center\" custom_margin=\"0px||38px||false|false\" animation_style=\"slide\" animation_direction=\"bottom\" animation_intensity_slide=\"5%\"]\n\nCon nuestros clientes - distribuidores y con el cliente final\n\n[\/et_pb_blurb][\/et_pb_column][\/et_pb_row][\/et_pb_section][et_pb_section fb_built=\"1\" _builder_version=\"4.3.1\" background_color=\"#d9d9d9\"][et_pb_row make_equal=\"on\" module_class=\"kirisama_blog\" _builder_version=\"4.3.1\"][et_pb_column type=\"4_4\" _builder_version=\"4.3.1\"][et_pb_gallery gallery_ids=\"7520,7511,7514,7517,7523,7526,7529,7532,7535\" _builder_version=\"4.4.6\"][\/et_pb_gallery][\/et_pb_column][\/et_pb_row][\/et_pb_section]","_et_gb_content_width":"","footnotes":""},"class_list":["post-9640","page","type-page","status-publish","hentry"],"yoast_head":"<!-- This site is optimized with the Yoast SEO plugin v14.0.4 - https:\/\/yoast.com\/wordpress\/plugins\/seo\/ -->\n<title>Environment - Carbel<\/title>\n<meta name=\"robots\" content=\"index, follow\" \/>\n<meta name=\"googlebot\" content=\"index, follow, max-snippet:-1, max-image-preview:large, max-video-preview:-1\" \/>\n<meta name=\"bingbot\" content=\"index, follow, max-snippet:-1, max-image-preview:large, max-video-preview:-1\" \/>\n<link rel=\"canonical\" href=\"https:\/\/carbel.net\/en\/environment\/\" \/>\n<meta property=\"og:locale\" content=\"en_US\" \/>\n<meta property=\"og:type\" content=\"article\" \/>\n<meta property=\"og:title\" content=\"Environment - Carbel\" \/>\n<meta property=\"og:description\" content=\"ENVIRONMENT Concerned about the environment Since the beginning, CARBEL has opted for renewable energies and respect for the environment, so much that we make it our way of life. When it comes to preserving the environment, it is as important to use renewable energy sources, as it is to develop highly efficient products, more respectful [&hellip;]\" \/>\n<meta property=\"og:url\" content=\"https:\/\/carbel.net\/en\/environment\/\" \/>\n<meta property=\"og:site_name\" content=\"Carbel\" \/>\n<meta property=\"article:modified_time\" content=\"2023-05-17T16:17:28+00:00\" \/>\n<meta name=\"twitter:card\" content=\"summary_large_image\" \/>\n<script type=\"application\/ld+json\" class=\"yoast-schema-graph\">{\"@context\":\"https:\/\/schema.org\",\"@graph\":[{\"@type\":\"WebSite\",\"@id\":\"https:\/\/carbel.net\/en\/#website\",\"url\":\"https:\/\/carbel.net\/en\/\",\"name\":\"Carbel\",\"description\":\"Fabricante de chimeneas y estufas de le\\u00f1as\",\"potentialAction\":[{\"@type\":\"SearchAction\",\"target\":\"https:\/\/carbel.net\/en\/?s={search_term_string}\",\"query-input\":\"required name=search_term_string\"}],\"inLanguage\":\"en-US\"},{\"@type\":\"WebPage\",\"@id\":\"https:\/\/carbel.net\/en\/environment\/#webpage\",\"url\":\"https:\/\/carbel.net\/en\/environment\/\",\"name\":\"Environment - Carbel\",\"isPartOf\":{\"@id\":\"https:\/\/carbel.net\/en\/#website\"},\"datePublished\":\"2021-08-17T12:49:51+00:00\",\"dateModified\":\"2023-05-17T16:17:28+00:00\",\"inLanguage\":\"en-US\",\"potentialAction\":[{\"@type\":\"ReadAction\",\"target\":[\"https:\/\/carbel.net\/en\/environment\/\"]}]}]}<\/script>\n<!-- \/ Yoast SEO plugin. -->","_links":{"self":[{"href":"https:\/\/carbel.net\/en\/wp-json\/wp\/v2\/pages\/9640","targetHints":{"allow":["GET"]}}],"collection":[{"href":"https:\/\/carbel.net\/en\/wp-json\/wp\/v2\/pages"}],"about":[{"href":"https:\/\/carbel.net\/en\/wp-json\/wp\/v2\/types\/page"}],"author":[{"embeddable":true,"href":"https:\/\/carbel.net\/en\/wp-json\/wp\/v2\/users\/1"}],"replies":[{"embeddable":true,"href":"https:\/\/carbel.net\/en\/wp-json\/wp\/v2\/comments?post=9640"}],"version-history":[{"count":5,"href":"https:\/\/carbel.net\/en\/wp-json\/wp\/v2\/pages\/9640\/revisions"}],"predecessor-version":[{"id":9646,"href":"https:\/\/carbel.net\/en\/wp-json\/wp\/v2\/pages\/9640\/revisions\/9646"}],"wp:attachment":[{"href":"https:\/\/carbel.net\/en\/wp-json\/wp\/v2\/media?parent=9640"}],"curies":[{"name":"wp","href":"https:\/\/api.w.org\/{rel}","templated":true}]}}