{"id":9633,"date":"2021-08-17T14:44:41","date_gmt":"2021-08-17T14:44:41","guid":{"rendered":"https:\/\/carbel.net\/Nuevaweb\/?page_id=9633"},"modified":"2021-09-07T09:39:38","modified_gmt":"2021-09-07T09:39:38","slug":"who-we-are","status":"publish","type":"page","link":"https:\/\/carbel.net\/en\/who-we-are\/","title":{"rendered":"Who we are"},"content":{"rendered":"<p>[et_pb_section fb_built=&#8221;1&#8243; admin_label=&#8221;Feature&#8221; _builder_version=&#8221;4.4.6&#8243; background_color=&#8221;#293133&#8243; background_color_gradient_direction=&#8221;144deg&#8221; background_enable_image=&#8221;off&#8221; custom_margin=&#8221;0px||0px||false|false&#8221; custom_padding=&#8221;0px||0px||false|false&#8221; top_divider_color=&#8221;rgba(0,0,0,0)&#8221; bottom_divider_color=&#8221;rgba(151,0,0,0.2)&#8221; bottom_divider_flip=&#8221;horizontal&#8221;][et_pb_row _builder_version=&#8221;4.4.6&#8243; module_alignment=&#8221;center&#8221; custom_margin=&#8221;0px||0px||false|false&#8221;][et_pb_column type=&#8221;4_4&#8243; _builder_version=&#8221;4.4.6&#8243; custom_padding=&#8221;0px||0px||false|false&#8221;][et_pb_text _builder_version=&#8221;4.4.6&#8243; header_2_text_color=&#8221;#d9d9d9&#8243; header_2_font_size=&#8221;34px&#8221;]<\/p>\n<h2 style=\"text-align: center;\">WHO WE ARE<\/h2>\n<p>[\/et_pb_text][\/et_pb_column][\/et_pb_row][\/et_pb_section][et_pb_section fb_built=&#8221;1&#8243; admin_label=&#8221;4 destacados&#8221; _builder_version=&#8221;4.4.6&#8243; background_color=&#8221;#000000&#8243; use_background_color_gradient=&#8221;on&#8221; background_color_gradient_start=&#8221;#293133&#8243; background_color_gradient_end=&#8221;#0a0202&#8243; background_enable_image=&#8221;off&#8221; background_blend=&#8221;multiply&#8221; width=&#8221;100%&#8221; custom_padding=&#8221;0|0px|0|0px|true|false&#8221; bottom_divider_flip=&#8221;horizontal&#8221; bottom_divider_arrangement=&#8221;above_content&#8221;][et_pb_row _builder_version=&#8221;4.4.6&#8243;][et_pb_column type=&#8221;4_4&#8243; _builder_version=&#8221;4.4.6&#8243;][et_pb_text _builder_version=&#8221;4.4.6&#8243; text_text_color=&#8221;#d9d9d9&#8243; header_text_color=&#8221;#d9d9d9&#8243;]<\/p>\n<h1>Since 1957 \u2013 woodburning stoves and fireplaces in Valencia<\/h1>\n<p><strong><\/strong><\/p>\n<p>Carbel is a dynamic and innovative Valencia-based company with more than 60 years of accumulated experience. Our passion and commitment to our profession can be seen in our products; offering customers functionality, efficiency and design.<\/p>\n<p>The dynamic, innovative and family-owned nature of our company has allowed us to adapt our offer to market demands, with competitive and reliable solutions. A clear sign of this is our compliance with the European regulations: CE Standard EN 13229, EN 13240, EN 16510, ECO DESIGN 2022, STUFE 2, etc. with the result of devices with CO emission levels under 0.1% and efficiencies over 78%.<\/p>\n<p>We design and manufacture our own woodburning stoves, cassette inserts and thermo-fireplaces.\u00a0<br \/>Our experience, the manufacturing process, our machinery and the materials we use, make possible to propose a range of efficient and reliable solutions for all tastes, with models that allow different customisations. Fireplace insets, two-sided fireplaces and stoves, can be customised choosing between different options of interior lining and different frames.<br \/>A human team of professionals with professional tools.\u00a0<br \/>Carbel team is highly specialised in all the tasks undertaken. Throughout the different steps of the product manufacturing, from the reception of the raw materials to the shipment of the finished product, their dedication and care assure the optimum performance and reliability of our products.<\/p>\n<p>&nbsp;<\/p>\n<p>[\/et_pb_text][et_pb_video src=&#8221;https:\/\/www.youtube.com\/watch?v=BBAnMoqK6Xg&#038;t=7s&#8221; _builder_version=&#8221;4.4.6&#8243; width=&#8221;61%&#8221; module_alignment=&#8221;center&#8221; hover_enabled=&#8221;0&#8243;][\/et_pb_video][\/et_pb_column][\/et_pb_row][et_pb_row column_structure=&#8221;1_4,1_4,1_4,1_4&#8243; _builder_version=&#8221;4.4.6&#8243;][et_pb_column type=&#8221;1_4&#8243; _builder_version=&#8221;4.4.6&#8243;][et_pb_blurb title=&#8221;MANUFACTURER&#8221; image=&#8221;https:\/\/carbel.net\/wp-content\/uploads\/2020\/05\/icono-chimenea.png&#8221; image_max_width=&#8221;40%&#8221; _builder_version=&#8221;4.4.6&#8243; header_level=&#8221;h3&#8243; header_font=&#8221;Lato|700|||||||&#8221; header_text_color=&#8221;#ffffff&#8221; body_font=&#8221;Lato||||||||&#8221; body_font_size=&#8221;16px&#8221; body_line_height=&#8221;1.8em&#8221; text_orientation=&#8221;center&#8221; background_layout=&#8221;dark&#8221; max_width=&#8221;340px&#8221; module_alignment=&#8221;center&#8221; custom_margin=&#8221;0px||38px||false|false&#8221; animation_style=&#8221;slide&#8221; animation_direction=&#8221;bottom&#8221; animation_intensity_slide=&#8221;5%&#8221;]<\/p>\n<p>Since 1957, we design and produce our own models of fireplaces and stoves.<\/p>\n<p>[\/et_pb_blurb][\/et_pb_column][et_pb_column type=&#8221;1_4&#8243; _builder_version=&#8221;4.4.6&#8243;][et_pb_blurb title=&#8221;EXCELLENCE&#8221; image=&#8221;https:\/\/carbel.net\/wp-content\/uploads\/2020\/05\/icono-5-estrellas.png&#8221; image_max_width=&#8221;40%&#8221; _builder_version=&#8221;4.4.6&#8243; header_level=&#8221;h3&#8243; header_font=&#8221;Lato|700|||||||&#8221; header_text_color=&#8221;#ffffff&#8221; body_font=&#8221;Lato||||||||&#8221; body_font_size=&#8221;16px&#8221; body_line_height=&#8221;1.8em&#8221; text_orientation=&#8221;center&#8221; background_layout=&#8221;dark&#8221; max_width=&#8221;340px&#8221; module_alignment=&#8221;center&#8221; custom_margin=&#8221;0px||38px||false|false&#8221; animation_style=&#8221;slide&#8221; animation_direction=&#8221;bottom&#8221; animation_intensity_slide=&#8221;5%&#8221;]<\/p>\n<p>All our models complies with the mandatory certifications and regulations.<\/p>\n<p>[\/et_pb_blurb][\/et_pb_column][et_pb_column type=&#8221;1_4&#8243; _builder_version=&#8221;4.4.6&#8243;][et_pb_blurb title=&#8221;INTERNATIONAL&#8221; image=&#8221;https:\/\/carbel.net\/wp-content\/uploads\/2020\/05\/icono-internacional.png&#8221; image_max_width=&#8221;40%&#8221; _builder_version=&#8221;4.4.6&#8243; header_level=&#8221;h3&#8243; header_font=&#8221;Lato|700|||||||&#8221; header_text_color=&#8221;#ffffff&#8221; body_font=&#8221;Lato||||||||&#8221; body_font_size=&#8221;16px&#8221; body_line_height=&#8221;1.8em&#8221; text_orientation=&#8221;center&#8221; background_layout=&#8221;dark&#8221; max_width=&#8221;340px&#8221; module_alignment=&#8221;center&#8221; custom_margin=&#8221;0px||38px||false|false&#8221; animation_style=&#8221;slide&#8221; animation_direction=&#8221;bottom&#8221; animation_intensity_slide=&#8221;5%&#8221;]<\/p>\n<p>Our products are distributed in more than 35 countries.<\/p>\n<p>[\/et_pb_blurb][\/et_pb_column][et_pb_column type=&#8221;1_4&#8243; _builder_version=&#8221;4.4.6&#8243;][et_pb_blurb title=&#8221;COMMITMENT&#8221; image=&#8221;https:\/\/carbel.net\/wp-content\/uploads\/2020\/05\/icono-clientes-1.png&#8221; image_max_width=&#8221;40%&#8221; _builder_version=&#8221;4.4.6&#8243; header_level=&#8221;h3&#8243; header_font=&#8221;Lato|700|||||||&#8221; header_text_color=&#8221;#ffffff&#8221; body_font=&#8221;Lato||||||||&#8221; body_font_size=&#8221;16px&#8221; body_line_height=&#8221;1.8em&#8221; text_orientation=&#8221;center&#8221; background_layout=&#8221;dark&#8221; max_width=&#8221;340px&#8221; module_alignment=&#8221;center&#8221; custom_margin=&#8221;0px||38px||false|false&#8221; animation_style=&#8221;slide&#8221; animation_direction=&#8221;bottom&#8221; animation_intensity_slide=&#8221;5%&#8221;]<\/p>\n<p>With our customers \u2013 dealers and with the final customer.<\/p>\n<p>[\/et_pb_blurb][\/et_pb_column][\/et_pb_row][\/et_pb_section][et_pb_section fb_built=&#8221;1&#8243; _builder_version=&#8221;4.3.1&#8243; background_color=&#8221;#d9d9d9&#8243;][et_pb_row make_equal=&#8221;on&#8221; module_class=&#8221;kirisama_blog&#8221; _builder_version=&#8221;4.3.1&#8243;][et_pb_column type=&#8221;4_4&#8243; _builder_version=&#8221;4.3.1&#8243;][et_pb_gallery gallery_ids=&#8221;7521,7512,7515,7518,7524,7527,7530,7533,7536&#8243; posts_number=&#8221;14&#8243; _builder_version=&#8221;4.4.6&#8243;][\/et_pb_gallery][\/et_pb_column][\/et_pb_row][\/et_pb_section]<\/p>\n","protected":false},"excerpt":{"rendered":"<p>WHO WE ARESince 1957 \u2013 woodburning stoves and fireplaces in Valencia Carbel is a dynamic and innovative Valencia-based company with more than 60 years of accumulated experience. Our passion and commitment to our profession can be seen in our products; offering customers functionality, efficiency and design. The dynamic, innovative and family-owned nature of our company [&hellip;]<\/p>\n","protected":false},"author":1,"featured_media":0,"parent":0,"menu_order":0,"comment_status":"closed","ping_status":"closed","template":"","meta":{"_et_pb_use_builder":"on","_et_pb_old_content":"[et_pb_section fb_built=\"1\" admin_label=\"Feature\" _builder_version=\"4.4.6\" background_color=\"#293133\" background_color_gradient_direction=\"144deg\" background_enable_image=\"off\" custom_margin=\"0px||0px||false|false\" custom_padding=\"0px||0px||false|false\" top_divider_color=\"rgba(0,0,0,0)\" bottom_divider_color=\"rgba(151,0,0,0.2)\" bottom_divider_flip=\"horizontal\"][et_pb_row _builder_version=\"4.4.6\" module_alignment=\"center\" custom_margin=\"0px||0px||false|false\"][et_pb_column type=\"4_4\" _builder_version=\"4.4.6\" custom_padding=\"0px||0px||false|false\"][et_pb_text _builder_version=\"4.4.6\" header_2_text_color=\"#d9d9d9\" header_2_font_size=\"34px\"]\n<h2 style=\"text-align: center;\">QUIENES SOMOS<\/h2>\n[\/et_pb_text][\/et_pb_column][\/et_pb_row][\/et_pb_section][et_pb_section fb_built=\"1\" admin_label=\"4 destacados\" _builder_version=\"4.4.6\" background_color=\"#000000\" use_background_color_gradient=\"on\" background_color_gradient_start=\"#293133\" background_color_gradient_end=\"#0a0202\" background_enable_image=\"off\" background_blend=\"multiply\" width=\"100%\" custom_padding=\"0|0px|0|0px|true|false\" bottom_divider_flip=\"horizontal\" bottom_divider_arrangement=\"above_content\"][et_pb_row _builder_version=\"4.4.6\"][et_pb_column type=\"4_4\" _builder_version=\"4.4.6\"][et_pb_text _builder_version=\"4.4.6\" text_text_color=\"#d9d9d9\" header_text_color=\"#d9d9d9\" hover_enabled=\"0\"]\n<h1><strong>Desde 1957, estufas de le\u00f1a y chimeneas en Valencia<\/strong><\/h1>\n<strong><\/strong>\n\nCarbel es una empresa valenciana din\u00e1mica e innovadora con una experiencia acumulada durante m\u00e1s de 60 a\u00f1os. Nuestra pasi\u00f3n y entrega en el trabajo se ven reflejados en nuestros productos; ofreciendo a nuestros clientes funcionalidad, eficacia y dise\u00f1o.\n\nNuestro car\u00e1cter familiar, din\u00e1mico e innovador nos ha permitido adaptar nuestra oferta a la realidad del mercado con soluciones competitivas y fiables. Muestra de ello es el cumplimiento de las normativas Europeas: CE Norma: EN 13229 y CE Norma: EN 13240, Certificaciones EN 16510, ECO DESIGN, STUFE 2, etc.. cuyo resultado se traduce en aparatos con niveles de emisiones de CO inferiores al 0,1% y rendimientos superiores al 78%.\n\nDise\u00f1amos y creamos nuestros propios modelos de estufas de le\u00f1a, cassetes y termochimeneas, la experiencia adquirida, los procesos de fabricaci\u00f3n, la maquinaria y los materiales empleados han permitido a Carbel ofrecer soluciones eficientes y fiables adaptadas a todos los gustos con modelos pr\u00e1cticamente personalizados. Personalice sus encastrables (cassettes), doble cara o estufas eligiendo el interior del aparato o el tipo de marco que m\u00e1s se ajuste a sus necesidades.\n\nUn equipo de profesionales con herramientas profesionales, el equipo humano de Carbel est\u00e1 ampliamente especializado en todas las tareas que llevan a cabo. A lo largo de las diferentes etapas de fabricaci\u00f3n del producto, desde la recepci\u00f3n de las materias primas, hasta la salida del producto terminado, el esmero y dedicaci\u00f3n garantizan el funcionamiento \u00f3ptimo y fiable de nuestros productos.\n\n&nbsp;\n\n[\/et_pb_text][et_pb_video src=\"https:\/\/youtu.be\/e6L6YT-WU_Q\" _builder_version=\"4.4.6\" width=\"61%\" module_alignment=\"center\"][\/et_pb_video][\/et_pb_column][\/et_pb_row][et_pb_row column_structure=\"1_4,1_4,1_4,1_4\" _builder_version=\"4.4.6\"][et_pb_column type=\"1_4\" _builder_version=\"4.4.6\"][et_pb_blurb title=\"FABRICANTES\" image=\"https:\/\/carbel.net\/wp-content\/uploads\/2020\/05\/icono-chimenea.png\" image_max_width=\"40%\" _builder_version=\"4.4.6\" header_level=\"h3\" header_font=\"Lato|700|||||||\" header_text_color=\"#ffffff\" body_font=\"Lato||||||||\" body_font_size=\"16px\" body_line_height=\"1.8em\" text_orientation=\"center\" background_layout=\"dark\" max_width=\"340px\" module_alignment=\"center\" custom_margin=\"0px||38px||false|false\" animation_style=\"slide\" animation_direction=\"bottom\" animation_intensity_slide=\"5%\"]\n\nDesde 1957, dise\u00f1amos y fabricamos nuestros propios modelos de chimeneas y estufas.\n\n[\/et_pb_blurb][\/et_pb_column][et_pb_column type=\"1_4\" _builder_version=\"4.4.6\"][et_pb_blurb title=\"EXCELENCIA\" image=\"https:\/\/carbel.net\/wp-content\/uploads\/2020\/05\/icono-5-estrellas.png\" image_max_width=\"40%\" _builder_version=\"4.4.6\" header_level=\"h3\" header_font=\"Lato|700|||||||\" header_text_color=\"#ffffff\" body_font=\"Lato||||||||\" body_font_size=\"16px\" body_line_height=\"1.8em\" text_orientation=\"center\" background_layout=\"dark\" max_width=\"340px\" module_alignment=\"center\" custom_margin=\"0px||38px||false|false\" animation_style=\"slide\" animation_direction=\"bottom\" animation_intensity_slide=\"5%\"]\n\nTodos nuestros modelos cuentan con todas las certificaciones de obligatorio cumplimiento.\n\n[\/et_pb_blurb][\/et_pb_column][et_pb_column type=\"1_4\" _builder_version=\"4.4.6\"][et_pb_blurb title=\"INTERNACIONAL\" image=\"https:\/\/carbel.net\/wp-content\/uploads\/2020\/05\/icono-internacional.png\" image_max_width=\"40%\" _builder_version=\"4.4.6\" header_level=\"h3\" header_font=\"Lato|700|||||||\" header_text_color=\"#ffffff\" body_font=\"Lato||||||||\" body_font_size=\"16px\" body_line_height=\"1.8em\" text_orientation=\"center\" background_layout=\"dark\" max_width=\"340px\" module_alignment=\"center\" custom_margin=\"0px||38px||false|false\" animation_style=\"slide\" animation_direction=\"bottom\" animation_intensity_slide=\"5%\"]\n\nNuestros productos se distribuyen en m\u00e1s de 35 paises.\n\n[\/et_pb_blurb][\/et_pb_column][et_pb_column type=\"1_4\" _builder_version=\"4.4.6\"][et_pb_blurb title=\"COMPROMISO\" image=\"https:\/\/carbel.net\/wp-content\/uploads\/2020\/05\/icono-clientes-1.png\" image_max_width=\"40%\" _builder_version=\"4.3.1\" header_level=\"h3\" header_font=\"Lato|700|||||||\" header_text_color=\"#ffffff\" body_font=\"Lato||||||||\" body_font_size=\"16px\" body_line_height=\"1.8em\" text_orientation=\"center\" background_layout=\"dark\" max_width=\"340px\" module_alignment=\"center\" custom_margin=\"0px||38px||false|false\" animation_style=\"slide\" animation_direction=\"bottom\" animation_intensity_slide=\"5%\"]\n\nCon nuestros clientes - distribuidores y con el cliente final\n\n[\/et_pb_blurb][\/et_pb_column][\/et_pb_row][\/et_pb_section][et_pb_section fb_built=\"1\" _builder_version=\"4.3.1\" background_color=\"#d9d9d9\"][et_pb_row make_equal=\"on\" module_class=\"kirisama_blog\" _builder_version=\"4.3.1\"][et_pb_column type=\"4_4\" _builder_version=\"4.3.1\"][et_pb_gallery gallery_ids=\"7520,7511,7514,7517,7523,7526,7529,7532,7535\" posts_number=\"14\" _builder_version=\"4.4.6\"][\/et_pb_gallery][\/et_pb_column][\/et_pb_row][\/et_pb_section]","_et_gb_content_width":"","footnotes":""},"class_list":["post-9633","page","type-page","status-publish","hentry"],"yoast_head":"<!-- This site is optimized with the Yoast SEO plugin v14.0.4 - https:\/\/yoast.com\/wordpress\/plugins\/seo\/ -->\n<title>Who we are - Carbel<\/title>\n<meta name=\"robots\" content=\"index, follow\" \/>\n<meta name=\"googlebot\" content=\"index, follow, max-snippet:-1, max-image-preview:large, max-video-preview:-1\" \/>\n<meta name=\"bingbot\" content=\"index, follow, max-snippet:-1, max-image-preview:large, max-video-preview:-1\" \/>\n<link rel=\"canonical\" href=\"https:\/\/carbel.net\/en\/who-we-are\/\" \/>\n<meta property=\"og:locale\" content=\"en_US\" \/>\n<meta property=\"og:type\" content=\"article\" \/>\n<meta property=\"og:title\" content=\"Who we are - Carbel\" \/>\n<meta property=\"og:description\" content=\"WHO WE ARESince 1957 \u2013 woodburning stoves and fireplaces in Valencia Carbel is a dynamic and innovative Valencia-based company with more than 60 years of accumulated experience. Our passion and commitment to our profession can be seen in our products; offering customers functionality, efficiency and design. The dynamic, innovative and family-owned nature of our company [&hellip;]\" \/>\n<meta property=\"og:url\" content=\"https:\/\/carbel.net\/en\/who-we-are\/\" \/>\n<meta property=\"og:site_name\" content=\"Carbel\" \/>\n<meta property=\"article:modified_time\" content=\"2021-09-07T09:39:38+00:00\" \/>\n<meta name=\"twitter:card\" content=\"summary_large_image\" \/>\n<script type=\"application\/ld+json\" class=\"yoast-schema-graph\">{\"@context\":\"https:\/\/schema.org\",\"@graph\":[{\"@type\":\"WebSite\",\"@id\":\"https:\/\/carbel.net\/en\/#website\",\"url\":\"https:\/\/carbel.net\/en\/\",\"name\":\"Carbel\",\"description\":\"Fabricante de chimeneas y estufas de le\\u00f1as\",\"potentialAction\":[{\"@type\":\"SearchAction\",\"target\":\"https:\/\/carbel.net\/en\/?s={search_term_string}\",\"query-input\":\"required name=search_term_string\"}],\"inLanguage\":\"en-US\"},{\"@type\":\"WebPage\",\"@id\":\"https:\/\/carbel.net\/en\/who-we-are\/#webpage\",\"url\":\"https:\/\/carbel.net\/en\/who-we-are\/\",\"name\":\"Who we are - Carbel\",\"isPartOf\":{\"@id\":\"https:\/\/carbel.net\/en\/#website\"},\"datePublished\":\"2021-08-17T14:44:41+00:00\",\"dateModified\":\"2021-09-07T09:39:38+00:00\",\"inLanguage\":\"en-US\",\"potentialAction\":[{\"@type\":\"ReadAction\",\"target\":[\"https:\/\/carbel.net\/en\/who-we-are\/\"]}]}]}<\/script>\n<!-- \/ Yoast SEO plugin. -->","_links":{"self":[{"href":"https:\/\/carbel.net\/en\/wp-json\/wp\/v2\/pages\/9633","targetHints":{"allow":["GET"]}}],"collection":[{"href":"https:\/\/carbel.net\/en\/wp-json\/wp\/v2\/pages"}],"about":[{"href":"https:\/\/carbel.net\/en\/wp-json\/wp\/v2\/types\/page"}],"author":[{"embeddable":true,"href":"https:\/\/carbel.net\/en\/wp-json\/wp\/v2\/users\/1"}],"replies":[{"embeddable":true,"href":"https:\/\/carbel.net\/en\/wp-json\/wp\/v2\/comments?post=9633"}],"version-history":[{"count":6,"href":"https:\/\/carbel.net\/en\/wp-json\/wp\/v2\/pages\/9633\/revisions"}],"predecessor-version":[{"id":9995,"href":"https:\/\/carbel.net\/en\/wp-json\/wp\/v2\/pages\/9633\/revisions\/9995"}],"wp:attachment":[{"href":"https:\/\/carbel.net\/en\/wp-json\/wp\/v2\/media?parent=9633"}],"curies":[{"name":"wp","href":"https:\/\/api.w.org\/{rel}","templated":true}]}}