{"id":10160,"date":"2021-09-07T15:08:27","date_gmt":"2021-09-07T15:08:27","guid":{"rendered":"https:\/\/carbel.net\/Nuevaweb\/?page_id=10160"},"modified":"2021-09-07T15:09:28","modified_gmt":"2021-09-07T15:09:28","slug":"processing-activities","status":"publish","type":"page","link":"https:\/\/carbel.net\/en\/processing-activities\/","title":{"rendered":"Processing Activities"},"content":{"rendered":"<p>[et_pb_section fb_built=&#8221;1&#8243; admin_label=&#8221;Feature&#8221; _builder_version=&#8221;4.4.6&#8243; background_color=&#8221;#293133&#8243; background_color_gradient_direction=&#8221;144deg&#8221; background_enable_image=&#8221;off&#8221; custom_margin=&#8221;0px||0px||false|false&#8221; custom_padding=&#8221;0px||0px||false|false&#8221; top_divider_color=&#8221;rgba(0,0,0,0)&#8221; bottom_divider_color=&#8221;rgba(151,0,0,0.2)&#8221; bottom_divider_flip=&#8221;horizontal&#8221; locked=&#8221;off&#8221;][et_pb_row _builder_version=&#8221;4.4.6&#8243; module_alignment=&#8221;center&#8221; custom_margin=&#8221;0px||0px||false|false&#8221;][et_pb_column type=&#8221;4_4&#8243; _builder_version=&#8221;4.4.6&#8243; custom_padding=&#8221;0px||0px||false|false&#8221;][et_pb_text _builder_version=&#8221;4.4.6&#8243; header_2_text_color=&#8221;#d9d9d9&#8243; header_2_font_size=&#8221;34px&#8221; hover_enabled=&#8221;0&#8243;]<\/p>\n<h2 style=\"text-align: center;\">PROCESSING ACTIVITIES<\/h2>\n<p>[\/et_pb_text][\/et_pb_column][\/et_pb_row][\/et_pb_section][et_pb_section fb_built=&#8221;1&#8243; _builder_version=&#8221;4.3.1&#8243;][et_pb_row _builder_version=&#8221;4.3.1&#8243;][et_pb_column type=&#8221;4_4&#8243; _builder_version=&#8221;4.3.1&#8243;][et_pb_text _builder_version=&#8221;4.4.6&#8243; hover_enabled=&#8221;0&#8243;]<\/p>\n<h1><strong><u>RECORD OF PROCESSING ACTIVITIES<\/u><\/strong><\/h1>\n<p><strong><u>DATA PROCESSING FOR CONTACTS OBTAINED THROUGH EMAIL OR WEB SITE.<\/u><\/strong><\/p>\n<p><strong><u>\u00a0<\/u><\/strong><\/p>\n<ol>\n<li>Legitimacy of processing\n<ul>\n<li>Article 6.1.a. the interested party gave their consent for the recording of their personal data for one or more specific purposes.<\/li>\n<\/ul>\n<\/li>\n<li>Purposes of the processing\n<ul>\n<li>Contact with the third party through email or telephone.<\/li>\n<\/ul>\n<\/li>\n<li>Categories of individuals\n<ul>\n<li>Persons interested in contacting with us<\/li>\n<\/ul>\n<\/li>\n<li>Categories of personal data\n<ul>\n<li>Name, email address and telephone number<\/li>\n<\/ul>\n<\/li>\n<li>Categories of disclosure to third parties\n<ul>\n<li>No data is disclosed to third parties<\/li>\n<\/ul>\n<\/li>\n<li>Transfer to third countries\n<ul>\n<li>No transfers to third countries will take place.<\/li>\n<\/ul>\n<\/li>\n<li>Time limit for erasure\n<ul>\n<li>Data Will be kept for the necessary period for processing and answering the request\/contact and will be conform current legislation of documentation and registration.<\/li>\n<\/ul>\n<\/li>\n<li>Security measures\n<ul>\n<li>Data will be stored safely in our system, security measures will be optimised as much as possible both humanely and technically, for storage and processing of data<\/li>\n<\/ul>\n<\/li>\n<li>Controller\n<ul>\n<li>COCINAS CARBEL S.L<\/li>\n<\/ul>\n<\/li>\n<\/ol>\n<p>&nbsp;<\/p>\n<ol start=\"2\">\n<li><strong><u>DATA PROCESSING TO COMPLY WITH RGPD.<\/u><\/strong><\/li>\n<\/ol>\n<p><strong><u>\u00a0<\/u><\/strong><\/p>\n<ol>\n<li>Legitimacy of processing\n<ul>\n<li>Article 6.1.a. the interested party gave their consent for the recording of their personal data for one or more specific purposes.<\/li>\n<\/ul>\n<\/li>\n<li>Purposes of the processing\n<ul>\n<li>Attention to personal rights (art 5 RGPD) and notification of security breaks of personal data to the authorities and the interested parties (art 33 &amp; 34 RGPD).<\/li>\n<\/ul>\n<\/li>\n<li>Category of individuals\n<ul>\n<li>The party interested in exercising their rights specified in the RGDP, or interested parties affected by security breaks.<\/li>\n<\/ul>\n<\/li>\n<li>Categories of personal data\n<ul>\n<li>Data in the interested party that has been affected by a security break<\/li>\n<\/ul>\n<\/li>\n<li>Categories of disclosure to third parties\n<ul>\n<li>No data is disclosed to third parties except for obligations to the Spanish data protection office.<\/li>\n<\/ul>\n<\/li>\n<li>Transfer to third countries\n<ul>\n<li>No transfers to third countries will take place.<\/li>\n<\/ul>\n<\/li>\n<li>Time limit for erasure\n<ul>\n<li>Datea Will be preserved while necessary for the provided Service, and as long as the interested party does not apply for erasure.<\/li>\n<\/ul>\n<\/li>\n<li>Security measures\n<ul>\n<li>Data will be stored safely in our system, security measures will be optimised as much as possible both humanely and technically, for storage and processing of data<\/li>\n<\/ul>\n<\/li>\n<li>Controller\n<ul>\n<li>COCINAS CARBEL S.L<\/li>\n<\/ul>\n<\/li>\n<\/ol>\n<p>[\/et_pb_text][\/et_pb_column][\/et_pb_row][\/et_pb_section]<\/p>\n","protected":false},"excerpt":{"rendered":"<p>PROCESSING ACTIVITIES RECORD OF PROCESSING ACTIVITIES DATA PROCESSING FOR CONTACTS OBTAINED THROUGH EMAIL OR WEB SITE. \u00a0 Legitimacy of processing Article 6.1.a. the interested party gave their consent for the recording of their personal data for one or more specific purposes. Purposes of the processing Contact with the third party through email or telephone. Categories [&hellip;]<\/p>\n","protected":false},"author":1,"featured_media":0,"parent":0,"menu_order":0,"comment_status":"closed","ping_status":"closed","template":"","meta":{"_et_pb_use_builder":"on","_et_pb_old_content":"[et_pb_section fb_built=\"1\" admin_label=\"Feature\" _builder_version=\"4.4.6\" background_color=\"#293133\" background_color_gradient_direction=\"144deg\" background_enable_image=\"off\" custom_margin=\"0px||0px||false|false\" custom_padding=\"0px||0px||false|false\" top_divider_color=\"rgba(0,0,0,0)\" bottom_divider_color=\"rgba(151,0,0,0.2)\" bottom_divider_flip=\"horizontal\" locked=\"off\"][et_pb_row _builder_version=\"4.4.6\" module_alignment=\"center\" custom_margin=\"0px||0px||false|false\"][et_pb_column type=\"4_4\" _builder_version=\"4.4.6\" custom_padding=\"0px||0px||false|false\"][et_pb_text _builder_version=\"4.4.6\" header_2_text_color=\"#d9d9d9\" header_2_font_size=\"34px\" hover_enabled=\"0\"]\n<h2 style=\"text-align: center;\">REGISTRO DE ACTIVIDADES<\/h2>\n[\/et_pb_text][\/et_pb_column][\/et_pb_row][\/et_pb_section][et_pb_section fb_built=\"1\" _builder_version=\"4.3.1\"][et_pb_row _builder_version=\"4.3.1\"][et_pb_column type=\"4_4\" _builder_version=\"4.3.1\"][et_pb_text _builder_version=\"4.3.1\"]\n<h1><strong><u>REGISTRO ACTIVIDADES <\/u><\/strong><\/h1>\n<h2><strong><u>TRATAMIENTO DE CONTACTO A TRAV\u00c9S DE LA WEB O CORREO ELECTR\u00d3NICO.<\/u><\/strong><\/h2>\n<strong><u>&nbsp;<\/u><\/strong>\n<ol>\n \t<li>Legitimaci\u00f3n del tratamiento\n<ul>\n \t<li>Art\u00edculo 6.1.a. El interesado dio su consentimiento para el tratamiento de sus datos personales para uno o varios fines espec\u00edficos.<\/li>\n<\/ul>\n<\/li>\n \t<li>Fines del Tratamiento\n<ul>\n \t<li>Contacto con el interesado a trav\u00e9s de email o tel\u00e9fono.<\/li>\n<\/ul>\n<\/li>\n \t<li>Colectivo\n<ul>\n \t<li>Personas interesadas en contactar con nosotros<\/li>\n<\/ul>\n<\/li>\n \t<li>Categor\u00edas de Datos\n<ul>\n \t<li>Nombre, direcci\u00f3n de correo electr\u00f3nico y Tel\u00e9fono<\/li>\n<\/ul>\n<\/li>\n \t<li>Categor\u00eda de Destinatarios\n<ul>\n \t<li>No est\u00e1n previstas comunicaciones de datos<\/li>\n<\/ul>\n<\/li>\n \t<li>Transferencia Internacional\n<ul>\n \t<li>No est\u00e1n previstas transferencias internacionales de los datos.<\/li>\n<\/ul>\n<\/li>\n \t<li>Plazo de Supresi\u00f3n\n<ul>\n \t<li>Se conservar\u00e1n durante el tiempo necesario para la tramitaci\u00f3n y respuesta de la consulta\/contacto. Ser\u00e1 de aplicaci\u00f3n lo dispuesto enla normativa de archivos y documentaci\u00f3n.<\/li>\n<\/ul>\n<\/li>\n \t<li>Medidas de Seguridad\n<ul>\n \t<li>Los datos recogidos se almacenar\u00e1n de forma segura en nuestros sistemas, poniendo todas las medidas tanto humanas como t\u00e9cnicas en&nbsp;su seguridad, tanto en el almacenamiento como en el tratamiento.<\/li>\n<\/ul>\n<\/li>\n \t<li>Entidad Responsable\n<ul>\n \t<li>COCINAS CARBEL S.L<\/li>\n<\/ul>\n<\/li>\n<\/ol>\n<h2><strong><u>TRATAMIENTO CUMPLIMIENTO OBLIGACIONES DEL RGPD.<\/u><\/strong><\/h2>\n<ol>\n \t<li>Legitimaci\u00f3n del tratamiento\n<ul>\n \t<li>RGPD art. 6 del RGPD punto 1.a, el interesado dio su consentimiento para el tratamiento de sus datos personales para uno o varios fines espec\u00edficos.<\/li>\n<\/ul>\n<\/li>\n \t<li>Fines del Tratamiento\n<ul>\n \t<li>Atenci\u00f3n a los derechos de las personas (art 5 RGPD) y notificaci\u00f3n de quiebras de seguridad de los datos personales a la autoridad de control y a los interesados (art\u00edculos 33 y 34 del RGPD).<\/li>\n<\/ul>\n<\/li>\n \t<li>Colectivo\n<ul>\n \t<li>El interesado en ejercer alguno de los derechos de la RGPD o interesados afectados por quiebras de seguridad<\/li>\n<\/ul>\n<\/li>\n \t<li>Categor\u00edas de Datos\n<ul>\n \t<li>Datos del Interesado y datos que est\u00e1n afectados por la quiebra de seguridad<\/li>\n<\/ul>\n<\/li>\n \t<li>Categor\u00eda de Destinatarios\n<ul>\n \t<li>No est\u00e1n previstas comunicaciones de datos excepto por obligaciones ante la Agencia Espa\u00f1ola de Protecci\u00f3n de Datos<\/li>\n<\/ul>\n<\/li>\n \t<li>Transferencia Internacional\n<ul>\n \t<li>No est\u00e1n previstas transferencias internacionales de los datos.<\/li>\n<\/ul>\n<\/li>\n \t<li>Plazo de Supresi\u00f3n\n<ul>\n \t<li>Se conservar\u00e1n mientras sean necesarios para el tratamiento y el interesado \/ interesada no solicite su supresi\u00f3n.<\/li>\n<\/ul>\n<\/li>\n \t<li>Medidas de Seguridad\n<ul>\n \t<li>Los datos recogidos se almacenar\u00e1n de forma segura en nuestros sistemas, poniendo todas las medidas tanto humanas como t\u00e9cnicas en&nbsp;su seguridad, tanto en el almacenamiento como en el tratamiento.<\/li>\n<\/ul>\n<\/li>\n \t<li>Entidad Responsable\n<ul>\n \t<li>COCINAS CARBEL S.L<\/li>\n<\/ul>\n<\/li>\n<\/ol>\n[\/et_pb_text][\/et_pb_column][\/et_pb_row][\/et_pb_section]","_et_gb_content_width":"","footnotes":""},"class_list":["post-10160","page","type-page","status-publish","hentry"],"yoast_head":"<!-- This site is optimized with the Yoast SEO plugin v14.0.4 - https:\/\/yoast.com\/wordpress\/plugins\/seo\/ -->\n<title>Processing Activities - Carbel<\/title>\n<meta name=\"robots\" content=\"index, follow\" \/>\n<meta name=\"googlebot\" content=\"index, follow, max-snippet:-1, max-image-preview:large, max-video-preview:-1\" \/>\n<meta name=\"bingbot\" content=\"index, follow, max-snippet:-1, max-image-preview:large, max-video-preview:-1\" \/>\n<link rel=\"canonical\" href=\"https:\/\/carbel.net\/en\/processing-activities\/\" \/>\n<meta property=\"og:locale\" content=\"en_US\" \/>\n<meta property=\"og:type\" content=\"article\" \/>\n<meta property=\"og:title\" content=\"Processing Activities - Carbel\" \/>\n<meta property=\"og:description\" content=\"PROCESSING ACTIVITIES RECORD OF PROCESSING ACTIVITIES DATA PROCESSING FOR CONTACTS OBTAINED THROUGH EMAIL OR WEB SITE. \u00a0 Legitimacy of processing Article 6.1.a. the interested party gave their consent for the recording of their personal data for one or more specific purposes. Purposes of the processing Contact with the third party through email or telephone. Categories [&hellip;]\" \/>\n<meta property=\"og:url\" content=\"https:\/\/carbel.net\/en\/processing-activities\/\" \/>\n<meta property=\"og:site_name\" content=\"Carbel\" \/>\n<meta property=\"article:modified_time\" content=\"2021-09-07T15:09:28+00:00\" \/>\n<meta name=\"twitter:card\" content=\"summary_large_image\" \/>\n<script type=\"application\/ld+json\" class=\"yoast-schema-graph\">{\"@context\":\"https:\/\/schema.org\",\"@graph\":[{\"@type\":\"WebSite\",\"@id\":\"https:\/\/carbel.net\/en\/#website\",\"url\":\"https:\/\/carbel.net\/en\/\",\"name\":\"Carbel\",\"description\":\"Fabricante de chimeneas y estufas de le\\u00f1as\",\"potentialAction\":[{\"@type\":\"SearchAction\",\"target\":\"https:\/\/carbel.net\/en\/?s={search_term_string}\",\"query-input\":\"required name=search_term_string\"}],\"inLanguage\":\"en-US\"},{\"@type\":\"WebPage\",\"@id\":\"https:\/\/carbel.net\/en\/processing-activities\/#webpage\",\"url\":\"https:\/\/carbel.net\/en\/processing-activities\/\",\"name\":\"Processing Activities - Carbel\",\"isPartOf\":{\"@id\":\"https:\/\/carbel.net\/en\/#website\"},\"datePublished\":\"2021-09-07T15:08:27+00:00\",\"dateModified\":\"2021-09-07T15:09:28+00:00\",\"inLanguage\":\"en-US\",\"potentialAction\":[{\"@type\":\"ReadAction\",\"target\":[\"https:\/\/carbel.net\/en\/processing-activities\/\"]}]}]}<\/script>\n<!-- \/ Yoast SEO plugin. -->","_links":{"self":[{"href":"https:\/\/carbel.net\/en\/wp-json\/wp\/v2\/pages\/10160","targetHints":{"allow":["GET"]}}],"collection":[{"href":"https:\/\/carbel.net\/en\/wp-json\/wp\/v2\/pages"}],"about":[{"href":"https:\/\/carbel.net\/en\/wp-json\/wp\/v2\/types\/page"}],"author":[{"embeddable":true,"href":"https:\/\/carbel.net\/en\/wp-json\/wp\/v2\/users\/1"}],"replies":[{"embeddable":true,"href":"https:\/\/carbel.net\/en\/wp-json\/wp\/v2\/comments?post=10160"}],"version-history":[{"count":3,"href":"https:\/\/carbel.net\/en\/wp-json\/wp\/v2\/pages\/10160\/revisions"}],"predecessor-version":[{"id":10163,"href":"https:\/\/carbel.net\/en\/wp-json\/wp\/v2\/pages\/10160\/revisions\/10163"}],"wp:attachment":[{"href":"https:\/\/carbel.net\/en\/wp-json\/wp\/v2\/media?parent=10160"}],"curies":[{"name":"wp","href":"https:\/\/api.w.org\/{rel}","templated":true}]}}