{"id":10155,"date":"2021-09-07T15:04:55","date_gmt":"2021-09-07T15:04:55","guid":{"rendered":"https:\/\/carbel.net\/Nuevaweb\/?page_id=10155"},"modified":"2021-09-07T15:05:53","modified_gmt":"2021-09-07T15:05:53","slug":"legal-notice","status":"publish","type":"page","link":"https:\/\/carbel.net\/en\/legal-notice\/","title":{"rendered":"Legal notice"},"content":{"rendered":"<p>[et_pb_section fb_built=&#8221;1&#8243; fullwidth=&#8221;on&#8221; admin_label=&#8221;slider&#8221; module_id=&#8221;slider&#8221; _builder_version=&#8221;4.4.6&#8243; max_height=&#8221;438px&#8221; bottom_divider_color=&#8221;#cc0000&#8243; locked=&#8221;off&#8221;][et_pb_fullwidth_slider _builder_version=&#8221;4.4.6&#8243; min_height=&#8221;326px&#8221; custom_margin=&#8221;0px||0px||false|false&#8221; custom_padding=&#8221;0px||0px||false|false&#8221; animation_style=&#8221;fade&#8221; auto=&#8221;on&#8221;][et_pb_slide heading=&#8221;AVISO LEGAL&#8221; use_bg_overlay=&#8221;off&#8221; use_text_overlay=&#8221;off&#8221; _builder_version=&#8221;4.4.6&#8243; header_level=&#8221;h1&#8243; header_font=&#8221;Lato|700|||||||&#8221; header_text_align=&#8221;center&#8221; header_font_size=&#8221;49px&#8221; background_enable_color=&#8221;off&#8221; use_background_color_gradient=&#8221;on&#8221; background_color_gradient_start=&#8221;rgba(0,0,0,0.63)&#8221; background_color_gradient_end=&#8221;rgba(0,0,0,0)&#8221; background_color_gradient_direction=&#8221;270deg&#8221; background_color_gradient_start_position=&#8221;100%&#8221; background_color_gradient_end_position=&#8221;29%&#8221; background_color_gradient_overlays_image=&#8221;on&#8221; background_image=&#8221;https:\/\/carbel.net\/wp-content\/uploads\/2020\/05\/ambiente-chimenea-kronos-70.jpg&#8221; background_enable_image=&#8221;on&#8221; custom_button=&#8221;on&#8221; button_text_color=&#8221;#000000&#8243; button_bg_color=&#8221;#f1c232&#8243; button_border_color=&#8221;#ffffff&#8221; button_alignment=&#8221;left&#8221; custom_padding=&#8221;0px||0px|0px|false|false&#8221;][\/et_pb_slide][\/et_pb_fullwidth_slider][\/et_pb_section][et_pb_section fb_built=&#8221;1&#8243; _builder_version=&#8221;4.3.1&#8243;][et_pb_row _builder_version=&#8221;4.3.1&#8243;][et_pb_column type=&#8221;4_4&#8243; _builder_version=&#8221;4.3.1&#8243;][et_pb_text _builder_version=&#8221;4.4.6&#8243; hover_enabled=&#8221;0&#8243;]<\/p>\n<div class=\"post-content\">\n<h1><strong><u>LEGAL NOTICE<\/u><\/strong><\/h1>\n<p>The use of this web site implies having read and accepted the following terms and conditions, attributes the condition of \u201cuser\u201d of this web site, and the acces to the same implies acceptance of all its terms without reservations.<\/p>\n<p>&nbsp;<\/p>\n<p>In case you do not accept the conditions of the present legal notice, please refrain from accessing or using the services and content at your disposal on this web site and proceed to abandon this site.<\/p>\n<p>&nbsp;<\/p>\n<p><strong><u>OWNERSHIP OF THE WEB SITE<\/u><\/strong><\/p>\n<p>COCINAS CARBEL S.L\u00a0cumplying with current spanish law ( Art. 10 de la Ley 34\/2002, de 11 de julio, de Servicios de la Sociedad de la Informaci\u00f3n y Comercio Electr\u00f3nico (LSSI-CE)) , informs you of the details of ownershhip of the web site \u00a0<a href=\"http:\/\/www.carbel.net\/\">WWW.CARBEL.NET<\/a><\/p>\n<p>&nbsp;<\/p>\n<p><strong><u>COMPANY NAME:<\/u><\/strong>\u00a0\u00a0\u00a0\u00a0\u00a0\u00a0\u00a0 COCINAS CARBEL S.L<\/p>\n<p><strong><u>COMPANY ADDRESS:<\/u><\/strong>\u00a0\u00a0 CALLE CIUDAD DE CARTAGENA 22, 46988 \u2013 PATERNA \u2013 VALENCIA<\/p>\n<p><strong><u>TELEPHONE:<\/u><\/strong>\u00a0\u00a0\u00a0\u00a0\u00a0\u00a0\u00a0\u00a0\u00a0\u00a0\u00a0\u00a0\u00a0\u00a0\u00a0\u00a0 +(34)\u00a0\u00a0961 340 716<\/p>\n<p><strong><u>VAT NUMBER<\/u><\/strong>: \u00a0\u00a0\u00a0\u00a0\u00a0\u00a0\u00a0\u00a0\u00a0\u00a0\u00a0\u00a0 ESB46003638<\/p>\n<p><strong><u>EMAIL:<\/u><\/strong><span>\u00a0<\/span>\u00a0\u00a0\u00a0\u00a0\u00a0\u00a0\u00a0\u00a0\u00a0\u00a0\u00a0\u00a0\u00a0\u00a0\u00a0\u00a0\u00a0\u00a0\u00a0\u00a0\u00a0\u00a0\u00a0<span>\u00a0<\/span><a href=\"mailto:CARBEL@CARBEL.NET\">CARBEL@CARBEL.NET<\/a><\/p>\n<p><strong><u>INSCRIPTION CHAMBER OF COMMERCE OF VALENCIA<\/u><\/strong><span>\u00a0<\/span>Tomo: 4042 Libro: 1354 Folio: 126 Secci\u00f3n: 8 Hoja: V-18328 Num. Inscripci\u00f3n: 12<\/p>\n<p>&nbsp;<\/p>\n<p><strong>\u00a0<\/strong><\/p>\n<p><strong><u>CONDITIONS OF USE<\/u><\/strong><\/p>\n<p><strong><u>USERS<\/u><\/strong><\/p>\n<p>by accessing and using the site of\u00a0COCINAS CARBEL S.L\u00a0 a third party becomes a site user, and this means that as a user they fully accepts all the terms and conditions included in this Legal Notice.<\/p>\n<p>These conditions will apply independent of other general sales conditions that may apply.<\/p>\n<p>&nbsp;<\/p>\n<p><strong><u>USE OF THE WEB SITE<\/u><\/strong><\/p>\n<p><a href=\"http:\/\/www.carbel.net\/\">WWW.CARBEL.NET<\/a>\u00a0\u00a0provides access to multiple services, information and data (from now on \u201ccontent\u201d) \u00a0owned by\u00a0 COCINAS CARBEL S.L\u00a0 to which\u00a0 the user may have access.<\/p>\n<p>The user assumes the responsibility of the use of this site. This responsibility extends to the registration necessary to access some specific content or service.<\/p>\n<p>&nbsp;<\/p>\n<p>&nbsp;<\/p>\n<p>In the aforementioned registration it is the responsibility of the user to provide correct and truthful information. By providing this information, the user may obtain a password for which they will be responsible, committing to make a diligent and confidential use of the same.<\/p>\n<p>The user commits to make an adequate use of the content and services (for example chat services, discussion forums, or news groups) that COCINAS CARBEL S.L\u00a0offers on this web site, and to, including but not limited to, \u00a0(I) not incur in activities that are illicit, illegal or contrary to good faith and public order; (II) not spread any content or propaganda of a racist, xenophobe, pornographic, illegal, appraising terrorism or contrary to human rights; (III) not cause any damage to the hardware or software systems of COCINAS CARBEL S.L, of its\u2019 suppliers or of any third parties, not to introduce or spread any virus or any other soft- or hardware that may cause any damage; (IV) not to try to access or use email accounts belonging to \u00a0other users and modify their messages.<\/p>\n<p>&nbsp;<\/p>\n<p>COCINAS CARBEL S.L\u00a0reserves the right to withdraw any comments or contents that infringe respect for personal dignity, that are discriminatory, xenophobe, racist, pornographic, that may be harmful against youth or children, public order or that they consider inappropriate for publication in any way.<\/p>\n<p>In any event, COCINAS CARBEL S.L\u00a0will not be held responsible for opinions of users at the forums, chats or other participation tools.<\/p>\n<p>&nbsp;<\/p>\n<p><strong><u>INTELLECTUAL AND INDUSTRIAL PROPERTY<\/u><\/strong><\/p>\n<p>COCINAS CARBEL S.L\u00a0\u00a0either in its own right or as assignee or licensee pursuant to the consent given by its associates, is the owner of all the intellectual and industrial property rights of its web page, as well as of the contents of the same (including illustrations, sound, audio, video, software or texts; trademarks or logotypes, combinations of colours, structure and design, selection of materials used, software required for its operation, access and use, etc.), owned by COCINAS CARBEL S.L by its associates or licensors.<\/p>\n<p>All rights reserved.<\/p>\n<p>&nbsp;<\/p>\n<p>Pursuant to what is laid down in articles 8 and 32.1, paragraph two, of the Intellectual Property Act, any reproduction, distribution and public communication, including the system for making this available, of all or part of the contents of this web page, for commercial purposes, on any support and by any technical means, is forbidden without the consent of COCINAS CARBEL S.L.<\/p>\n<p>The user undertakes to respect the Intellectual and Industrial Property rights held by COCINAS CARBEL S.L. They may view the items on this site and even print, copy and store them on their computer or on any device on the condition that this is only and exclusively for their personal and private use. The user shall refrain from removing, altering, eluding or tampering with any protection device or safety system which might be installed on the page of COCINAS CARBEL S.L.<\/p>\n<p><strong>\u00a0<\/strong><\/p>\n<p><strong><u>DISCLAIMER OF GUARANTEES AND LIABILITY<\/u><\/strong><\/p>\n<p>COCINAS CARBEL S.L\u00a0\u00a0no se hace responsable, en ning\u00fan caso, de los da\u00f1os y perjuicios de cualquier naturaleza que pudieran ocasionar, a t\u00edtulo enunciativo: errores u omisiones en los contenidos, falta de disponibilidad del portal o la transmisi\u00f3n de virus o programas maliciosos o lesivos en los contenidos, a pesar de haber adoptado todas las medidas tecnol\u00f3gicas necesarias para evitarlo.<\/p>\n<p>&nbsp;<\/p>\n<p>COCINAS CARBEL S.L will not accept any liability, under any circumstances, for any damages of any kind that might be caused by, including but not limited to: any errors or omissions in the contents, lack of availability of the portal or transmission of viruses or malicious or harmful software in its content, despite having implemented all the technological measures required in order to avoid this from happening.<\/p>\n<p>&nbsp;<\/p>\n<p><strong><u>MODIFICATIONS<\/u><\/strong><\/p>\n<p>COCINAS CARBEL S.L reserves the right to make, with no prior notice, any modifications that it may deem fit: changing, removing or adding to contents and services offered on the site, as well as changing the way they are presented on the same.<\/p>\n<p>&nbsp;<\/p>\n<p><strong><u>LINKS<\/u><\/strong><\/p>\n<p>While \u00a0<a href=\"http:\/\/www.carbel.net\/\">WWW.CARBEL.NET<\/a><span>\u00a0<\/span>may have links to other Internet sites, COCINAS CARBEL S.L will not have any kind of control over said sites and contents.<\/p>\n<p>Under no circumstances shall COCINAS CARBEL S.L assume any responsibility for the contents of any link belonging to an outside web site, nor shall it guarantee the technical availability, quality, reliability, accuracy, amplitude, truthfulness, validity and constitutionality of any material or information contained in any of such hyperlinks or other Internet sites.<\/p>\n<p>Likewise, including these external connections shall not imply any kind of association, fusion or participation with the linked sites and companies.<\/p>\n<p>&nbsp;<\/p>\n<p><strong><u>RIGHT OF EXCLUSION<\/u><\/strong><\/p>\n<p>COCINAS CARBEL S.L reserves the right to refuse or withdraw access to its Site and\/or the services offered without the need for any prior notice, at its own request or that of a third party, for any users not complying with these General Conditions of Use.<\/p>\n<p>&nbsp;<\/p>\n<p><strong><u>GENERAL<\/u><\/strong><\/p>\n<p>COCINAS CARBEL S.L shall pursue any non-compliance of these conditions as well as any improper use of its Site, exercising any civil and criminal action to which it may be lawfully entitled.<\/p>\n<p>&nbsp;<\/p>\n<p><strong><u>MODIFICATION AND DURATION OF THESE CONDITIONS<\/u><\/strong>:<\/p>\n<p>COCINAS CARBEL S.L may modify these conditions at any time, being duly published as appearing herein.<\/p>\n<p>The current validity of said conditions shall depend on their publication and they shall remain valid until they are modified, duly published.<\/p>\n<p>&nbsp;<\/p>\n<p><strong><u>LEGISLACI\u00d3N APLICABLE Y JURISDICCI\u00d3N<\/u><\/strong><\/p>\n<p>The terms and conditions of this web site, as well as the relations that may follow, are protected and subject to current Spanish legislation.<\/p>\n<p>To resolve any controversy, dispute or discrepancy between the user and COCINAS CARBEL SL, the parties agree to submit to the Courts of the city of Valencia.<\/p>\n<\/div>\n<p>[\/et_pb_text][\/et_pb_column][\/et_pb_row][\/et_pb_section]<\/p>\n","protected":false},"excerpt":{"rendered":"<p>LEGAL NOTICE The use of this web site implies having read and accepted the following terms and conditions, attributes the condition of \u201cuser\u201d of this web site, and the acces to the same implies acceptance of all its terms without reservations. &nbsp; In case you do not accept the conditions of the present legal notice, [&hellip;]<\/p>\n","protected":false},"author":1,"featured_media":0,"parent":0,"menu_order":0,"comment_status":"closed","ping_status":"closed","template":"","meta":{"_et_pb_use_builder":"on","_et_pb_old_content":"[et_pb_section fb_built=\"1\" fullwidth=\"on\" admin_label=\"slider\" module_id=\"slider\" _builder_version=\"4.4.6\" bottom_divider_color=\"#cc0000\" hover_enabled=\"0\" locked=\"off\" max_height=\"438px\"][et_pb_fullwidth_slider _builder_version=\"4.4.6\" animation_style=\"fade\" auto=\"on\" hover_enabled=\"0\" custom_margin=\"0px||0px||false|false\" custom_padding=\"0px||0px||false|false\" min_height=\"326px\"][et_pb_slide heading=\"AVISO LEGAL\" use_bg_overlay=\"off\" use_text_overlay=\"off\" _builder_version=\"4.4.6\" header_level=\"h1\" header_font=\"Lato|700|||||||\" header_text_align=\"center\" header_font_size=\"49px\" background_enable_color=\"off\" use_background_color_gradient=\"on\" background_color_gradient_start=\"rgba(0,0,0,0.63)\" background_color_gradient_end=\"rgba(0,0,0,0)\" background_color_gradient_direction=\"270deg\" background_color_gradient_start_position=\"100%\" background_color_gradient_end_position=\"29%\" background_color_gradient_overlays_image=\"on\" background_image=\"https:\/\/carbel.net\/wp-content\/uploads\/2020\/05\/ambiente-chimenea-kronos-70.jpg\" background_enable_image=\"on\" custom_button=\"on\" button_text_color=\"#000000\" button_bg_color=\"#f1c232\" button_border_color=\"#ffffff\" button_alignment=\"left\" custom_padding=\"0px||0px|0px|false|false\" hover_enabled=\"0\"][\/et_pb_slide][\/et_pb_fullwidth_slider][\/et_pb_section][et_pb_section fb_built=\"1\" _builder_version=\"4.3.1\"][et_pb_row _builder_version=\"4.3.1\"][et_pb_column type=\"4_4\" _builder_version=\"4.3.1\"][et_pb_text _builder_version=\"4.3.1\"]\n<div class=\"post-content\">\n<h1><strong><u>AVISO LEGAL <\/u><\/strong><\/h1>\nEl hecho de acceder a este sitio web implica el conocimiento y aceptaci\u00f3n de los siguientes t\u00e9rminos y condiciones y atribuye la condici\u00f3n del usuario de la web y el acceso al mismo implica su aceptaci\u00f3n sin reservas. En caso de no aceptar las cl\u00e1usulas establecidas en el presente Aviso Legal, el usuario deber\u00e1 abstenerse de acceder y\/o utilizar los servicios y\/o contenidos puestos a su disposici\u00f3n en la p\u00e1gina, procediendo a abandonar la misma.\n\n&nbsp;\n<h2><strong><u>TITULARIDAD DEL SITIO WEB<\/u><\/strong><\/h2>\nCOCINAS CARBEL S.L&nbsp; en cumplimiento de lo establecido en el Art. 10 de la Ley 34\/2002, de 11 de julio, de Servicios de la Sociedad de la Informaci\u00f3n y Comercio Electr\u00f3nico (LSSI-CE), le informamos de los datos identificativos relativos al sitio web <a href=\"http:\/\/WWW.CARBEL.NET\">WWW.CARBEL.NET<\/a>\n\n&nbsp;\n\n<strong><u>DENOMINACI\u00d3N SOCIAL:<\/u><\/strong> COCINAS CARBEL S.L\n\n<strong><u>DOMICILIO SOCIAL:<\/u><\/strong>&nbsp;CALLE CIUDAD DE CARTAGENA 22, 46988 \u2013 PATERNA \u2013 VALENCIA\n\n<strong><u>TEL\u00c9FONO:<\/u><\/strong> +(34)&nbsp; 961 340 716\n\n<strong><u>CIF:<\/u><\/strong>&nbsp;B46003638\n\n<strong><u>&nbsp;CORREO ELECTR\u00d3NICO GENERAL:<\/u><\/strong> <a href=\"mailto:RGPD@CARBEL.NET\">RGPD@CARBEL.NET<\/a>\n\n<strong><u>&nbsp;Registro MERCANTIL DE VALENCIA<\/u><\/strong>&nbsp;Tomo: 4042 Libro: 1354 Folio: 126 Secci\u00f3n: 8 Hoja: V-18328 Num. Inscripci\u00f3n: 12\n\n&nbsp;\n\n<strong><u>&nbsp;<\/u><\/strong>\n<h2><strong><u>CONDICIONES DE USO <\/u><\/strong><\/h2>\n<strong><u>USUARIOS<\/u><\/strong>\n\nEl acceso y\/o uso de este portal de COCINAS CARBEL S.L &nbsp;atribuye la condici\u00f3n de USUARIO, que acepta, desde dicho acceso y\/o uso, las Condiciones Generales de Uso aqu\u00ed reflejadas. Las citadas Condiciones ser\u00e1n de aplicaci\u00f3n independientemente de las Condiciones Generales de Contrataci\u00f3n que en su caso resulten de obligado cumplimiento.\n\n&nbsp;\n\n<strong><u>USO DE LA WEB<\/u><\/strong>\n\n<a href=\"http:\/\/WWW.CARBEL.NET\">WWW.CARBEL.NET<\/a>&nbsp; proporciona el acceso a multitud de informaciones, servicios&nbsp; o datos (en adelante, \u201clos contenidos\u201d) en Internet pertenecientes a COCINAS CARBEL S.L &nbsp;a los que el USUARIO pueda tener acceso. El USUARIO asume la responsabilidad del uso del portal. Dicha responsabilidad se extiende al registro que fuese necesario para acceder a determinados servicios o contenidos.\n\nEn dicho registro el USUARIO ser\u00e1 responsable de aportar informaci\u00f3n veraz y l\u00edcita. Como consecuencia de este registro, al USUARIO se le puede proporcionar una contrase\u00f1a de la que ser\u00e1 responsable,\n\nComprometi\u00e9ndose a hacer un uso diligente y confidencial de la misma. El USUARIO se compromete a hacer un uso adecuado de los contenidos y servicios (como por ejemplo servicios de chat, foros de discusi\u00f3n o grupos de noticias) que COCINAS CARBEL S.L&nbsp; S.L ofrece a trav\u00e9s de su portal y con car\u00e1cter enunciativo pero no limitativo, a no emplearlos para (i) incurrir en actividades il\u00edcitas, ilegales o contrarias a la buena fe y al orden p\u00fablico; (ii) difundir contenidos o propaganda de car\u00e1cter racista, xen\u00f3fobo, pornogr\u00e1fico-ilegal, de apolog\u00eda del terrorismo o atentatorio contra los derechos humanos; (iii) provocar da\u00f1os en los sistemas f\u00edsicos y l\u00f3gicos de COCINAS CARBEL S.L &nbsp;de sus proveedores o de terceras personas, introducir o difundir en la red virus inform\u00e1ticos o cualesquiera otros sistemas f\u00edsicos o l\u00f3gicos que sean susceptibles de provocar los da\u00f1os anteriormente mencionados; (iv) intentar acceder y, en su caso, utilizar las cuentas de correo electr\u00f3nico de otros usuarios y modificarlo manipular sus mensajes. COCINAS CARBEL S.L &nbsp;se reserva el derecho de retirar todos aquellos comentarios y aportaciones que vulneren el respeto a la dignidad de la persona, que sean discriminatorios, xen\u00f3fobos, racistas, pornogr\u00e1ficos, que atenten contra la juventud o la infancia, el orden o la seguridad p\u00fablica o que, a su juicio, no resultaran adecuados para su publicaci\u00f3n. En cualquier caso, COCINAS CARBEL S.L &nbsp;no ser\u00e1 responsable de las opiniones vertidas por los usuarios a trav\u00e9s de los foros, chats, u otras herramientas de participaci\u00f3n.\n\n&nbsp;\n<h2><strong><u>PROPIEDAD INTELECTUAL E INDUSTRIAL<\/u><\/strong><\/h2>\nCOCINAS CARBEL S.L&nbsp; por s\u00ed o como cesionaria, es titular de todos los derechos de propiedad intelectual e industrial de su p\u00e1gina web, as\u00ed como de los elementos contenidos en la misma (a t\u00edtulo enunciativo, im\u00e1genes, sonido, audio, v\u00eddeo, software o textos; marcas o logotipos, combinaciones de colores, estructura y dise\u00f1o, selecci\u00f3n de materiales usados, programas de ordenador necesarios para su funcionamiento, acceso y uso, etc.), titularidad de COCINAS CARBEL S.L&nbsp; o bien de sus licenciantes.\n\n&nbsp;\n\nTodos los derechos reservados. En virtud de lo dispuesto en los art\u00edculos 8 y 32.1, p\u00e1rrafo segundo, de la Ley de Propiedad Intelectual, quedan expresamente prohibidas la reproducci\u00f3n, la distribuci\u00f3n y la comunicaci\u00f3n p\u00fablica, incluida su modalidad de puesta a disposici\u00f3n, de la totalidad o parte de los contenidos de esta p\u00e1gina web, con fines comerciales, en cualquier soporte y por cualquier medio t\u00e9cnico, sin la autorizaci\u00f3n de COCINAS CARBEL S.L. El USUARIO se compromete a respetar los derechos de Propiedad Intelectual e Industrial titularidad de COCINAS CARBEL S.L&nbsp; &nbsp;Podr\u00e1 visualizar los elementos del portal e incluso imprimirlos, copiarlos y almacenarlos en el disco duro de su ordenador o en cualquier otro soporte f\u00edsico siempre y cuando sea, \u00fanica y exclusivamente, para su uso personal y privado. El USUARIO deber\u00e1 abstenerse de suprimir, alterar, eludir o manipular cualquier dispositivo de protecci\u00f3n o sistema de seguridad que estuviera instalado en el las p\u00e1ginas de COCINAS CARBEL S.L\n\n&nbsp;\n\n<strong><u>&nbsp;<\/u><\/strong>\n\n<strong><u>&nbsp;<\/u><\/strong>\n<h2><strong><u>EXCLUSI\u00d3N DE GARANT\u00cdAS Y RESPONSABILIDAD<\/u><\/strong><\/h2>\nCOCINAS CARBEL S.L&nbsp; no se hace responsable, en ning\u00fan caso, de los da\u00f1os y perjuicios de cualquier naturaleza que pudieran ocasionar, a t\u00edtulo enunciativo: errores u omisiones en los contenidos, falta de disponibilidad del portal o la transmisi\u00f3n de virus o programas maliciosos o lesivos en los contenidos, a pesar de haber adoptado todas las medidas tecnol\u00f3gicas necesarias para evitarlo.\n\n&nbsp;\n<h2><strong><u>MODIFICACIONES<\/u><\/strong><\/h2>\nCOCINAS CARBEL S.L&nbsp; se reserva el derecho de efectuar sin previo aviso las modificaciones que considere oportunas en su portal, pudiendo cambiar, suprimir o a\u00f1adir tanto los contenidos y servicios que se presten a trav\u00e9s de la misma como la forma en la que \u00e9stos aparezcan presentados o localizados en su portal.\n\n&nbsp;\n<h2><strong><u>ENLACES<\/u><\/strong><\/h2>\nEn el caso de que en <a href=\"http:\/\/WWW.CARBEL.NET\">WWW.CARBEL.NET<\/a>&nbsp;&nbsp; se dispusiesen enlaces o hiperv\u00ednculos hac\u00eda otros sitios de Internet, COCINAS CARBEL S.L&nbsp; no ejercer\u00e1 ning\u00fan tipo de control sobre dichos sitios y contenidos. En ning\u00fan caso COCINAS CARBEL S.L asumir\u00e1 responsabilidad alguna por los contenidos de alg\u00fan enlace perteneciente a un sitio web ajeno, ni garantizar\u00e1 la disponibilidad t\u00e9cnica, calidad, fiabilidad, exactitud, amplitud, veracidad, validez y constitucionalidad de cualquier material o informaci\u00f3n contenida en ninguno de dichos hiperv\u00ednculos u otros sitios de Internet.\n\n&nbsp;\n\nIgualmente la inclusi\u00f3n de estas conexiones externas no implicar\u00e1 ning\u00fan tipo de asociaci\u00f3n, fusi\u00f3n o participaci\u00f3n con las entidades conectadas.\n\n&nbsp;\n<h2><strong><u>DERECHO DE EXCLUSI\u00d3N<\/u><\/strong><\/h2>\nCOCINAS CARBEL S.L&nbsp; se reserva el derecho a denegar o retirar el acceso a portal y\/o los servicios ofrecidos sin necesidad de preaviso, a instancia propia o de un tercero, a aquellos usuarios que incumplan las presentes Condiciones Generales de Uso.\n\n&nbsp;\n<h2><strong><u>GENERALIDADES<\/u><\/strong><\/h2>\nCOCINAS CARBEL S.L&nbsp; perseguir\u00e1 el incumplimiento de las presentes condiciones as\u00ed como cualquier utilizaci\u00f3n indebida de su portal ejerciendo todas las acciones civiles y penales que le puedan corresponder en derecho.\n\n&nbsp;\n<h2><strong><u>MODIFICACI\u00d3N DE LAS PRESENTES CONDICIONES Y DURACI\u00d3N<\/u><\/strong><\/h2>\nCOCINAS CARBEL S.L&nbsp; podr\u00e1 modificar en cualquier momento las condiciones aqu\u00ed determinadas, siendo debidamente publicadas como aqu\u00ed aparecen.\n\n&nbsp;\n\nLa vigencia de las citadas condiciones ir\u00e1 en funci\u00f3n de su exposici\u00f3n y estar\u00e1n vigentes hasta debidamente publicadas. que sean modificadas por otras.\n\n&nbsp;\n<h2><strong><u>LEGISLACI\u00d3N APLICABLE Y JURISDICCI\u00d3N<\/u><\/strong><\/h2>\nLos t\u00e9rminos y condiciones que rigen este website, as\u00ed como las relaciones que pudieran derivarse est\u00e1n protegidas y quedan sujetas a la legislaci\u00f3n espa\u00f1ola. Para la resoluci\u00f3n de cualquier tipo de controversia, litigio o discrepancia que pudiera suscitarse entre el USUARIO y COCINAS CARBEL S.L&nbsp; por el uso de este sitio web, se acuerda el sometimiento de las mismas a los Juzgados y Tribunales de VALENCIA, Espa\u00f1a.\n\n<\/div>\n[\/et_pb_text][\/et_pb_column][\/et_pb_row][\/et_pb_section]","_et_gb_content_width":"","footnotes":""},"class_list":["post-10155","page","type-page","status-publish","hentry"],"yoast_head":"<!-- This site is optimized with the Yoast SEO plugin v14.0.4 - https:\/\/yoast.com\/wordpress\/plugins\/seo\/ -->\n<title>Legal notice - Carbel<\/title>\n<meta name=\"robots\" content=\"index, follow\" \/>\n<meta name=\"googlebot\" content=\"index, follow, max-snippet:-1, max-image-preview:large, max-video-preview:-1\" \/>\n<meta name=\"bingbot\" content=\"index, follow, max-snippet:-1, max-image-preview:large, max-video-preview:-1\" \/>\n<link rel=\"canonical\" href=\"https:\/\/carbel.net\/en\/legal-notice\/\" \/>\n<meta property=\"og:locale\" content=\"en_US\" \/>\n<meta property=\"og:type\" content=\"article\" \/>\n<meta property=\"og:title\" content=\"Legal notice - Carbel\" \/>\n<meta property=\"og:description\" content=\"LEGAL NOTICE The use of this web site implies having read and accepted the following terms and conditions, attributes the condition of \u201cuser\u201d of this web site, and the acces to the same implies acceptance of all its terms without reservations. &nbsp; In case you do not accept the conditions of the present legal notice, [&hellip;]\" \/>\n<meta property=\"og:url\" content=\"https:\/\/carbel.net\/en\/legal-notice\/\" \/>\n<meta property=\"og:site_name\" content=\"Carbel\" \/>\n<meta property=\"article:modified_time\" content=\"2021-09-07T15:05:53+00:00\" \/>\n<meta name=\"twitter:card\" content=\"summary_large_image\" \/>\n<script type=\"application\/ld+json\" class=\"yoast-schema-graph\">{\"@context\":\"https:\/\/schema.org\",\"@graph\":[{\"@type\":\"WebSite\",\"@id\":\"https:\/\/carbel.net\/en\/#website\",\"url\":\"https:\/\/carbel.net\/en\/\",\"name\":\"Carbel\",\"description\":\"Fabricante de chimeneas y estufas de le\\u00f1as\",\"potentialAction\":[{\"@type\":\"SearchAction\",\"target\":\"https:\/\/carbel.net\/en\/?s={search_term_string}\",\"query-input\":\"required name=search_term_string\"}],\"inLanguage\":\"en-US\"},{\"@type\":\"WebPage\",\"@id\":\"https:\/\/carbel.net\/en\/legal-notice\/#webpage\",\"url\":\"https:\/\/carbel.net\/en\/legal-notice\/\",\"name\":\"Legal notice - Carbel\",\"isPartOf\":{\"@id\":\"https:\/\/carbel.net\/en\/#website\"},\"datePublished\":\"2021-09-07T15:04:55+00:00\",\"dateModified\":\"2021-09-07T15:05:53+00:00\",\"inLanguage\":\"en-US\",\"potentialAction\":[{\"@type\":\"ReadAction\",\"target\":[\"https:\/\/carbel.net\/en\/legal-notice\/\"]}]}]}<\/script>\n<!-- \/ Yoast SEO plugin. -->","_links":{"self":[{"href":"https:\/\/carbel.net\/en\/wp-json\/wp\/v2\/pages\/10155","targetHints":{"allow":["GET"]}}],"collection":[{"href":"https:\/\/carbel.net\/en\/wp-json\/wp\/v2\/pages"}],"about":[{"href":"https:\/\/carbel.net\/en\/wp-json\/wp\/v2\/types\/page"}],"author":[{"embeddable":true,"href":"https:\/\/carbel.net\/en\/wp-json\/wp\/v2\/users\/1"}],"replies":[{"embeddable":true,"href":"https:\/\/carbel.net\/en\/wp-json\/wp\/v2\/comments?post=10155"}],"version-history":[{"count":3,"href":"https:\/\/carbel.net\/en\/wp-json\/wp\/v2\/pages\/10155\/revisions"}],"predecessor-version":[{"id":10158,"href":"https:\/\/carbel.net\/en\/wp-json\/wp\/v2\/pages\/10155\/revisions\/10158"}],"wp:attachment":[{"href":"https:\/\/carbel.net\/en\/wp-json\/wp\/v2\/media?parent=10155"}],"curies":[{"name":"wp","href":"https:\/\/api.w.org\/{rel}","templated":true}]}}